{"id":1465,"date":"2022-01-05T22:49:47","date_gmt":"2022-01-06T03:49:47","guid":{"rendered":"https:\/\/www.participacionciudadana.org\/web\/?page_id=1465"},"modified":"2022-01-31T12:53:09","modified_gmt":"2022-01-31T17:53:09","slug":"ruth-hidalgo","status":"publish","type":"page","link":"https:\/\/www.participacionciudadana.org\/web\/equipo-pc\/ruth-hidalgo\/","title":{"rendered":"Ruth Hidalgo &#8211; Directora Ejecutiva"},"content":{"rendered":"\n<p>Licenciada en Ciencias Jur\u00eddicas, Abogada y Doctora en Jurisprudencia por la Pontificia Universidad Cat\u00f3lica de Quito adem\u00e1s de Mediadora de Conflictos.<br><br>Ostenta un Diploma de Especializaci\u00f3n en Derecho Administrativo y Control Parlamentario otorgado por el Instituto Internacional de Administraci\u00f3n P\u00fablica (IAP) en Par\u00eds, Francia.<br><br>Posee Diploma de Especializaci\u00f3n en Derecho de Desarrollo y Diploma de Incidencia Pol\u00edtica de organizaciones de Sociedad Civil.<\/p>\n\n\n\n<p>Es autora y coautora de varias publicaciones relacionadas con temas de Democracia, gobernabilidad y di\u00e1logo pol\u00edtico.<\/p>\n\n\n\n<p>Ha sido merecedora de reconocimientos por su labor tales &nbsp;como: Premio al liderazgo democr\u00e1tico otorgado por la UNP (Uni\u00f3n Nacional de Periodistas) Marzo del 2017, Mujer del A\u00f1o, otorgado por la Federaci\u00f3n de Abogados de Guayaquil Marzo 2017; Condecoraci\u00f3n al M\u00e9rito C\u00edvico Juan Montalvo otorgado por la C\u00e1mara de Comercio de Quito&nbsp; Abril 2017 y Premio a la Transparencia y Lucha contra la Corrupci\u00f3n, Diciembre del 2020.<\/p>\n\n\n\n<p>Columnista del Blog 4 Pelagatos; miembro de la American Bar Association; miembro activo del CONSOC (consorcio de Organizaciones de Sociedad Civil del BID); miembro de la plataforma mundial Women for Democracy; e integrante del&nbsp;Consejo de Redacci\u00f3n y articulista de La Revista&nbsp;&nbsp;Regional Pol\u00edtica&nbsp;&nbsp;\u201cDi\u00e1logo Pol\u00edtico\u201d de&nbsp;&nbsp;la Fundaci\u00f3n Konrad&nbsp;Adenahuer.&nbsp;<\/p>\n\n\n\n<p>Actualmente es la decana de la carrera de Ciencias Pol\u00edticas y Relaciones Internacionales de la UDLA.<\/p>\n\n\n\n<figure class=\"wp-block-image size-thumbnail is-resized\"><a href=\"https:\/\/twitter.com\/RhidalgoPC\"><img decoding=\"async\" src=\"https:\/\/www.participacionciudadana.org\/web\/wp-content\/uploads\/2022\/01\/logoTwitter-150x150.png\" alt=\"\" class=\"wp-image-1476\" width=\"32\" height=\"32\" srcset=\"https:\/\/www.participacionciudadana.org\/web\/wp-content\/uploads\/2022\/01\/logoTwitter-150x150.png 150w, https:\/\/www.participacionciudadana.org\/web\/wp-content\/uploads\/2022\/01\/logoTwitter-300x300.png 300w, https:\/\/www.participacionciudadana.org\/web\/wp-content\/uploads\/2022\/01\/logoTwitter.png 500w\" sizes=\"(max-width: 32px) 100vw, 32px\" \/><\/a><\/figure>\n\n\n\n<p><a href=\"mailto:rhidalgo@participacionciudadana.org\" target=\"_blank\" rel=\"noreferrer noopener\">rhidalgo@participacionciudadana.org<\/a><\/p>\n","protected":false},"excerpt":{"rendered":"<p>Licenciada en Ciencias Jur\u00eddicas, Abogada y Doctora en Jurisprudencia por la Pontificia Universidad Cat\u00f3lica de Quito adem\u00e1s de Mediadora de Conflictos. Ostenta un Diploma de Especializaci\u00f3n en Derecho Administrativo y Control Parlamentario otorgado por el Instituto Internacional de Administraci\u00f3n P\u00fablica (IAP) en Par\u00eds, Francia. Posee Diploma de Especializaci\u00f3n en Derecho de Desarrollo y Diploma de [&hellip;]<\/p>\n","protected":false},"author":1,"featured_media":1466,"parent":1463,"menu_order":1,"comment_status":"closed","ping_status":"closed","template":"","meta":{"site-sidebar-layout":"default","site-content-layout":"","ast-site-content-layout":"default","site-content-style":"default","site-sidebar-style":"default","ast-global-header-display":"","ast-banner-title-visibility":"","ast-main-header-display":"","ast-hfb-above-header-display":"","ast-hfb-below-header-display":"","ast-hfb-mobile-header-display":"","site-post-title":"","ast-breadcrumbs-content":"","ast-featured-img":"","footer-sml-layout":"","ast-disable-related-posts":"","theme-transparent-header-meta":"","adv-header-id-meta":"","stick-header-meta":"","header-above-stick-meta":"","header-main-stick-meta":"","header-below-stick-meta":"","astra-migrate-meta-layouts":"default","ast-page-background-enabled":"default","ast-page-background-meta":{"desktop":{"background-color":"","background-image":"","background-repeat":"repeat","background-position":"center center","background-size":"auto","background-attachment":"scroll","background-type":"","background-media":"","overlay-type":"","overlay-color":"","overlay-opacity":"","overlay-gradient":""},"tablet":{"background-color":"","background-image":"","background-repeat":"repeat","background-position":"center center","background-size":"auto","background-attachment":"scroll","background-type":"","background-media":"","overlay-type":"","overlay-color":"","overlay-opacity":"","overlay-gradient":""},"mobile":{"background-color":"","background-image":"","background-repeat":"repeat","background-position":"center center","background-size":"auto","background-attachment":"scroll","background-type":"","background-media":"","overlay-type":"","overlay-color":"","overlay-opacity":"","overlay-gradient":""}},"ast-content-background-meta":{"desktop":{"background-color":"var(--ast-global-color-5)","background-image":"","background-repeat":"repeat","background-position":"center center","background-size":"auto","background-attachment":"scroll","background-type":"","background-media":"","overlay-type":"","overlay-color":"","overlay-opacity":"","overlay-gradient":""},"tablet":{"background-color":"var(--ast-global-color-5)","background-image":"","background-repeat":"repeat","background-position":"center center","background-size":"auto","background-attachment":"scroll","background-type":"","background-media":"","overlay-type":"","overlay-color":"","overlay-opacity":"","overlay-gradient":""},"mobile":{"background-color":"var(--ast-global-color-5)","background-image":"","background-repeat":"repeat","background-position":"center center","background-size":"auto","background-attachment":"scroll","background-type":"","background-media":"","overlay-type":"","overlay-color":"","overlay-opacity":"","overlay-gradient":""}},"_joinchat":[],"footnotes":""},"class_list":["post-1465","page","type-page","status-publish","has-post-thumbnail","hentry"],"yoast_head":"<!-- This site is optimized with the Yoast SEO plugin v26.5 - https:\/\/yoast.com\/wordpress\/plugins\/seo\/ -->\n<title>Ruth Hidalgo - Directora Ejecutiva - Participaci\u00f3n Ciudadana<\/title>\n<meta name=\"robots\" content=\"index, follow, max-snippet:-1, max-image-preview:large, max-video-preview:-1\" \/>\n<link rel=\"canonical\" href=\"https:\/\/www.participacionciudadana.org\/web\/equipo-pc\/ruth-hidalgo\/\" \/>\n<meta property=\"og:locale\" content=\"es_ES\" \/>\n<meta property=\"og:type\" content=\"article\" \/>\n<meta property=\"og:title\" content=\"Ruth Hidalgo - Directora Ejecutiva - Participaci\u00f3n Ciudadana\" \/>\n<meta property=\"og:description\" content=\"Licenciada en Ciencias Jur\u00eddicas, Abogada y Doctora en Jurisprudencia por la Pontificia Universidad Cat\u00f3lica de Quito adem\u00e1s de Mediadora de Conflictos. Ostenta un Diploma de Especializaci\u00f3n en Derecho Administrativo y Control Parlamentario otorgado por el Instituto Internacional de Administraci\u00f3n P\u00fablica (IAP) en Par\u00eds, Francia. Posee Diploma de Especializaci\u00f3n en Derecho de Desarrollo y Diploma de [&hellip;]\" \/>\n<meta property=\"og:url\" content=\"https:\/\/www.participacionciudadana.org\/web\/equipo-pc\/ruth-hidalgo\/\" \/>\n<meta property=\"og:site_name\" content=\"Participaci\u00f3n Ciudadana\" \/>\n<meta property=\"article:publisher\" content=\"https:\/\/www.facebook.com\/ParticipacionPC\/\" \/>\n<meta property=\"article:modified_time\" content=\"2022-01-31T17:53:09+00:00\" \/>\n<meta property=\"og:image\" content=\"https:\/\/www.participacionciudadana.org\/web\/wp-content\/uploads\/2022\/01\/RuthHidalgo1.jpeg\" \/>\n\t<meta property=\"og:image:width\" content=\"128\" \/>\n\t<meta property=\"og:image:height\" content=\"130\" \/>\n\t<meta property=\"og:image:type\" content=\"image\/jpeg\" \/>\n<meta name=\"twitter:card\" content=\"summary_large_image\" \/>\n<meta name=\"twitter:site\" content=\"@ParticipacionPC\" \/>\n<meta name=\"twitter:label1\" content=\"Tiempo de lectura\" \/>\n\t<meta name=\"twitter:data1\" content=\"1 minuto\" \/>\n<script type=\"application\/ld+json\" class=\"yoast-schema-graph\">{\"@context\":\"https:\/\/schema.org\",\"@graph\":[{\"@type\":\"WebPage\",\"@id\":\"https:\/\/www.participacionciudadana.org\/web\/equipo-pc\/ruth-hidalgo\/\",\"url\":\"https:\/\/www.participacionciudadana.org\/web\/equipo-pc\/ruth-hidalgo\/\",\"name\":\"Ruth Hidalgo - Directora Ejecutiva - Participaci\u00f3n Ciudadana\",\"isPartOf\":{\"@id\":\"https:\/\/www.participacionciudadana.org\/web\/#website\"},\"primaryImageOfPage\":{\"@id\":\"https:\/\/www.participacionciudadana.org\/web\/equipo-pc\/ruth-hidalgo\/#primaryimage\"},\"image\":{\"@id\":\"https:\/\/www.participacionciudadana.org\/web\/equipo-pc\/ruth-hidalgo\/#primaryimage\"},\"thumbnailUrl\":\"https:\/\/www.participacionciudadana.org\/web\/wp-content\/uploads\/2022\/01\/RuthHidalgo1.jpeg\",\"datePublished\":\"2022-01-06T03:49:47+00:00\",\"dateModified\":\"2022-01-31T17:53:09+00:00\",\"breadcrumb\":{\"@id\":\"https:\/\/www.participacionciudadana.org\/web\/equipo-pc\/ruth-hidalgo\/#breadcrumb\"},\"inLanguage\":\"es\",\"potentialAction\":[{\"@type\":\"ReadAction\",\"target\":[\"https:\/\/www.participacionciudadana.org\/web\/equipo-pc\/ruth-hidalgo\/\"]}]},{\"@type\":\"ImageObject\",\"inLanguage\":\"es\",\"@id\":\"https:\/\/www.participacionciudadana.org\/web\/equipo-pc\/ruth-hidalgo\/#primaryimage\",\"url\":\"https:\/\/www.participacionciudadana.org\/web\/wp-content\/uploads\/2022\/01\/RuthHidalgo1.jpeg\",\"contentUrl\":\"https:\/\/www.participacionciudadana.org\/web\/wp-content\/uploads\/2022\/01\/RuthHidalgo1.jpeg\",\"width\":128,\"height\":130},{\"@type\":\"BreadcrumbList\",\"@id\":\"https:\/\/www.participacionciudadana.org\/web\/equipo-pc\/ruth-hidalgo\/#breadcrumb\",\"itemListElement\":[{\"@type\":\"ListItem\",\"position\":1,\"name\":\"Portada\",\"item\":\"https:\/\/www.participacionciudadana.org\/web\/\"},{\"@type\":\"ListItem\",\"position\":2,\"name\":\"Equipo PC\",\"item\":\"https:\/\/www.participacionciudadana.org\/web\/equipo-pc\/\"},{\"@type\":\"ListItem\",\"position\":3,\"name\":\"Ruth Hidalgo &#8211; Directora Ejecutiva\"}]},{\"@type\":\"WebSite\",\"@id\":\"https:\/\/www.participacionciudadana.org\/web\/#website\",\"url\":\"https:\/\/www.participacionciudadana.org\/web\/\",\"name\":\"Participaci\u00f3n Ciudadana\",\"description\":\"Comprometidos con la democracia\",\"publisher\":{\"@id\":\"https:\/\/www.participacionciudadana.org\/web\/#organization\"},\"potentialAction\":[{\"@type\":\"SearchAction\",\"target\":{\"@type\":\"EntryPoint\",\"urlTemplate\":\"https:\/\/www.participacionciudadana.org\/web\/?s={search_term_string}\"},\"query-input\":{\"@type\":\"PropertyValueSpecification\",\"valueRequired\":true,\"valueName\":\"search_term_string\"}}],\"inLanguage\":\"es\"},{\"@type\":\"Organization\",\"@id\":\"https:\/\/www.participacionciudadana.org\/web\/#organization\",\"name\":\"Participaci\u00f3n Ciudadana\",\"url\":\"https:\/\/www.participacionciudadana.org\/web\/\",\"logo\":{\"@type\":\"ImageObject\",\"inLanguage\":\"es\",\"@id\":\"https:\/\/www.participacionciudadana.org\/web\/#\/schema\/logo\/image\/\",\"url\":\"https:\/\/www.participacionciudadana.org\/web\/wp-content\/uploads\/2021\/11\/cropped-logo_pc-1.png\",\"contentUrl\":\"https:\/\/www.participacionciudadana.org\/web\/wp-content\/uploads\/2021\/11\/cropped-logo_pc-1.png\",\"width\":340,\"height\":114,\"caption\":\"Participaci\u00f3n Ciudadana\"},\"image\":{\"@id\":\"https:\/\/www.participacionciudadana.org\/web\/#\/schema\/logo\/image\/\"},\"sameAs\":[\"https:\/\/www.facebook.com\/ParticipacionPC\/\",\"https:\/\/x.com\/ParticipacionPC\"]}]}<\/script>\n<!-- \/ Yoast SEO plugin. -->","yoast_head_json":{"title":"Ruth Hidalgo - Directora Ejecutiva - Participaci\u00f3n Ciudadana","robots":{"index":"index","follow":"follow","max-snippet":"max-snippet:-1","max-image-preview":"max-image-preview:large","max-video-preview":"max-video-preview:-1"},"canonical":"https:\/\/www.participacionciudadana.org\/web\/equipo-pc\/ruth-hidalgo\/","og_locale":"es_ES","og_type":"article","og_title":"Ruth Hidalgo - Directora Ejecutiva - Participaci\u00f3n Ciudadana","og_description":"Licenciada en Ciencias Jur\u00eddicas, Abogada y Doctora en Jurisprudencia por la Pontificia Universidad Cat\u00f3lica de Quito adem\u00e1s de Mediadora de Conflictos. Ostenta un Diploma de Especializaci\u00f3n en Derecho Administrativo y Control Parlamentario otorgado por el Instituto Internacional de Administraci\u00f3n P\u00fablica (IAP) en Par\u00eds, Francia. Posee Diploma de Especializaci\u00f3n en Derecho de Desarrollo y Diploma de [&hellip;]","og_url":"https:\/\/www.participacionciudadana.org\/web\/equipo-pc\/ruth-hidalgo\/","og_site_name":"Participaci\u00f3n Ciudadana","article_publisher":"https:\/\/www.facebook.com\/ParticipacionPC\/","article_modified_time":"2022-01-31T17:53:09+00:00","og_image":[{"width":128,"height":130,"url":"https:\/\/www.participacionciudadana.org\/web\/wp-content\/uploads\/2022\/01\/RuthHidalgo1.jpeg","type":"image\/jpeg"}],"twitter_card":"summary_large_image","twitter_site":"@ParticipacionPC","twitter_misc":{"Tiempo de lectura":"1 minuto"},"schema":{"@context":"https:\/\/schema.org","@graph":[{"@type":"WebPage","@id":"https:\/\/www.participacionciudadana.org\/web\/equipo-pc\/ruth-hidalgo\/","url":"https:\/\/www.participacionciudadana.org\/web\/equipo-pc\/ruth-hidalgo\/","name":"Ruth Hidalgo - Directora Ejecutiva - Participaci\u00f3n Ciudadana","isPartOf":{"@id":"https:\/\/www.participacionciudadana.org\/web\/#website"},"primaryImageOfPage":{"@id":"https:\/\/www.participacionciudadana.org\/web\/equipo-pc\/ruth-hidalgo\/#primaryimage"},"image":{"@id":"https:\/\/www.participacionciudadana.org\/web\/equipo-pc\/ruth-hidalgo\/#primaryimage"},"thumbnailUrl":"https:\/\/www.participacionciudadana.org\/web\/wp-content\/uploads\/2022\/01\/RuthHidalgo1.jpeg","datePublished":"2022-01-06T03:49:47+00:00","dateModified":"2022-01-31T17:53:09+00:00","breadcrumb":{"@id":"https:\/\/www.participacionciudadana.org\/web\/equipo-pc\/ruth-hidalgo\/#breadcrumb"},"inLanguage":"es","potentialAction":[{"@type":"ReadAction","target":["https:\/\/www.participacionciudadana.org\/web\/equipo-pc\/ruth-hidalgo\/"]}]},{"@type":"ImageObject","inLanguage":"es","@id":"https:\/\/www.participacionciudadana.org\/web\/equipo-pc\/ruth-hidalgo\/#primaryimage","url":"https:\/\/www.participacionciudadana.org\/web\/wp-content\/uploads\/2022\/01\/RuthHidalgo1.jpeg","contentUrl":"https:\/\/www.participacionciudadana.org\/web\/wp-content\/uploads\/2022\/01\/RuthHidalgo1.jpeg","width":128,"height":130},{"@type":"BreadcrumbList","@id":"https:\/\/www.participacionciudadana.org\/web\/equipo-pc\/ruth-hidalgo\/#breadcrumb","itemListElement":[{"@type":"ListItem","position":1,"name":"Portada","item":"https:\/\/www.participacionciudadana.org\/web\/"},{"@type":"ListItem","position":2,"name":"Equipo PC","item":"https:\/\/www.participacionciudadana.org\/web\/equipo-pc\/"},{"@type":"ListItem","position":3,"name":"Ruth Hidalgo &#8211; Directora Ejecutiva"}]},{"@type":"WebSite","@id":"https:\/\/www.participacionciudadana.org\/web\/#website","url":"https:\/\/www.participacionciudadana.org\/web\/","name":"Participaci\u00f3n Ciudadana","description":"Comprometidos con la democracia","publisher":{"@id":"https:\/\/www.participacionciudadana.org\/web\/#organization"},"potentialAction":[{"@type":"SearchAction","target":{"@type":"EntryPoint","urlTemplate":"https:\/\/www.participacionciudadana.org\/web\/?s={search_term_string}"},"query-input":{"@type":"PropertyValueSpecification","valueRequired":true,"valueName":"search_term_string"}}],"inLanguage":"es"},{"@type":"Organization","@id":"https:\/\/www.participacionciudadana.org\/web\/#organization","name":"Participaci\u00f3n Ciudadana","url":"https:\/\/www.participacionciudadana.org\/web\/","logo":{"@type":"ImageObject","inLanguage":"es","@id":"https:\/\/www.participacionciudadana.org\/web\/#\/schema\/logo\/image\/","url":"https:\/\/www.participacionciudadana.org\/web\/wp-content\/uploads\/2021\/11\/cropped-logo_pc-1.png","contentUrl":"https:\/\/www.participacionciudadana.org\/web\/wp-content\/uploads\/2021\/11\/cropped-logo_pc-1.png","width":340,"height":114,"caption":"Participaci\u00f3n Ciudadana"},"image":{"@id":"https:\/\/www.participacionciudadana.org\/web\/#\/schema\/logo\/image\/"},"sameAs":["https:\/\/www.facebook.com\/ParticipacionPC\/","https:\/\/x.com\/ParticipacionPC"]}]}},"_links":{"self":[{"href":"https:\/\/www.participacionciudadana.org\/web\/wp-json\/wp\/v2\/pages\/1465","targetHints":{"allow":["GET"]}}],"collection":[{"href":"https:\/\/www.participacionciudadana.org\/web\/wp-json\/wp\/v2\/pages"}],"about":[{"href":"https:\/\/www.participacionciudadana.org\/web\/wp-json\/wp\/v2\/types\/page"}],"author":[{"embeddable":true,"href":"https:\/\/www.participacionciudadana.org\/web\/wp-json\/wp\/v2\/users\/1"}],"replies":[{"embeddable":true,"href":"https:\/\/www.participacionciudadana.org\/web\/wp-json\/wp\/v2\/comments?post=1465"}],"version-history":[{"count":0,"href":"https:\/\/www.participacionciudadana.org\/web\/wp-json\/wp\/v2\/pages\/1465\/revisions"}],"up":[{"embeddable":true,"href":"https:\/\/www.participacionciudadana.org\/web\/wp-json\/wp\/v2\/pages\/1463"}],"wp:featuredmedia":[{"embeddable":true,"href":"https:\/\/www.participacionciudadana.org\/web\/wp-json\/wp\/v2\/media\/1466"}],"wp:attachment":[{"href":"https:\/\/www.participacionciudadana.org\/web\/wp-json\/wp\/v2\/media?parent=1465"}],"curies":[{"name":"wp","href":"https:\/\/api.w.org\/{rel}","templated":true}]}}