{"id":1503,"date":"2022-01-05T23:19:52","date_gmt":"2022-01-06T04:19:52","guid":{"rendered":"https:\/\/www.participacionciudadana.org\/web\/?page_id=1503"},"modified":"2026-04-13T13:25:56","modified_gmt":"2026-04-13T18:25:56","slug":"jose-calva-asistente-tecnico-de-proyectos","status":"publish","type":"page","link":"https:\/\/www.participacionciudadana.org\/web\/jose-calva-asistente-tecnico-de-proyectos\/","title":{"rendered":"Jos\u00e9 Daniel Calva &#8211; Asistente t\u00e9cnico de proyectos"},"content":{"rendered":"\n<p>Polit\u00f3logo e Internacionalista de la Universidad de las Am\u00e9ricas Actualmente trabaja en el proyecto de J\u00f3venes Liderando, Monitoreo de Violencia Pol\u00edtica y Monitoreo de LOTAIP<\/p>\n\n\n\n<figure class=\"wp-block-image size-thumbnail is-resized\"><a href=\"https:\/\/twitter.com\/JoseCalvaS\"><img decoding=\"async\" src=\"https:\/\/www.participacionciudadana.org\/web\/wp-content\/uploads\/2022\/01\/logoTwitter-150x150.png\" alt=\"\" class=\"wp-image-1476\" width=\"32\" height=\"32\" srcset=\"https:\/\/www.participacionciudadana.org\/web\/wp-content\/uploads\/2022\/01\/logoTwitter-150x150.png 150w, https:\/\/www.participacionciudadana.org\/web\/wp-content\/uploads\/2022\/01\/logoTwitter-300x300.png 300w, https:\/\/www.participacionciudadana.org\/web\/wp-content\/uploads\/2022\/01\/logoTwitter.png 500w\" sizes=\"(max-width: 32px) 100vw, 32px\" \/><\/a><\/figure>\n\n\n\n<p><a href=\"mailto:jose.calva@udla.edu.ec\" target=\"_blank\" rel=\"noreferrer noopener\">jose.calva@udla.edu.ec<\/a><\/p>\n","protected":false},"excerpt":{"rendered":"<p>Polit\u00f3logo e Internacionalista de la Universidad de las Am\u00e9ricas Actualmente trabaja en el proyecto de J\u00f3venes Liderando, Monitoreo de Violencia Pol\u00edtica y Monitoreo de LOTAIP jose.calva@udla.edu.ec<\/p>\n","protected":false},"author":1,"featured_media":1504,"parent":0,"menu_order":9,"comment_status":"closed","ping_status":"closed","template":"","meta":{"site-sidebar-layout":"default","site-content-layout":"","ast-site-content-layout":"default","site-content-style":"default","site-sidebar-style":"default","ast-global-header-display":"","ast-banner-title-visibility":"","ast-main-header-display":"","ast-hfb-above-header-display":"","ast-hfb-below-header-display":"","ast-hfb-mobile-header-display":"","site-post-title":"","ast-breadcrumbs-content":"","ast-featured-img":"","footer-sml-layout":"","ast-disable-related-posts":"","theme-transparent-header-meta":"","adv-header-id-meta":"","stick-header-meta":"","header-above-stick-meta":"","header-main-stick-meta":"","header-below-stick-meta":"","astra-migrate-meta-layouts":"default","ast-page-background-enabled":"default","ast-page-background-meta":{"desktop":{"background-color":"","background-image":"","background-repeat":"repeat","background-position":"center center","background-size":"auto","background-attachment":"scroll","background-type":"","background-media":"","overlay-type":"","overlay-color":"","overlay-opacity":"","overlay-gradient":""},"tablet":{"background-color":"","background-image":"","background-repeat":"repeat","background-position":"center center","background-size":"auto","background-attachment":"scroll","background-type":"","background-media":"","overlay-type":"","overlay-color":"","overlay-opacity":"","overlay-gradient":""},"mobile":{"background-color":"","background-image":"","background-repeat":"repeat","background-position":"center center","background-size":"auto","background-attachment":"scroll","background-type":"","background-media":"","overlay-type":"","overlay-color":"","overlay-opacity":"","overlay-gradient":""}},"ast-content-background-meta":{"desktop":{"background-color":"var(--ast-global-color-5)","background-image":"","background-repeat":"repeat","background-position":"center center","background-size":"auto","background-attachment":"scroll","background-type":"","background-media":"","overlay-type":"","overlay-color":"","overlay-opacity":"","overlay-gradient":""},"tablet":{"background-color":"var(--ast-global-color-5)","background-image":"","background-repeat":"repeat","background-position":"center center","background-size":"auto","background-attachment":"scroll","background-type":"","background-media":"","overlay-type":"","overlay-color":"","overlay-opacity":"","overlay-gradient":""},"mobile":{"background-color":"var(--ast-global-color-5)","background-image":"","background-repeat":"repeat","background-position":"center center","background-size":"auto","background-attachment":"scroll","background-type":"","background-media":"","overlay-type":"","overlay-color":"","overlay-opacity":"","overlay-gradient":""}},"_joinchat":[],"footnotes":""},"class_list":["post-1503","page","type-page","status-publish","has-post-thumbnail","hentry"],"yoast_head":"<!-- This site is optimized with the Yoast SEO plugin v26.5 - https:\/\/yoast.com\/wordpress\/plugins\/seo\/ -->\n<title>Jos\u00e9 Daniel Calva - Asistente t\u00e9cnico de proyectos - Participaci\u00f3n Ciudadana<\/title>\n<meta name=\"robots\" content=\"index, follow, max-snippet:-1, max-image-preview:large, max-video-preview:-1\" \/>\n<link rel=\"canonical\" href=\"https:\/\/www.participacionciudadana.org\/web\/jose-calva-asistente-tecnico-de-proyectos\/\" \/>\n<meta property=\"og:locale\" content=\"es_ES\" \/>\n<meta property=\"og:type\" content=\"article\" \/>\n<meta property=\"og:title\" content=\"Jos\u00e9 Daniel Calva - Asistente t\u00e9cnico de proyectos - Participaci\u00f3n Ciudadana\" \/>\n<meta property=\"og:description\" content=\"Polit\u00f3logo e Internacionalista de la Universidad de las Am\u00e9ricas Actualmente trabaja en el proyecto de J\u00f3venes Liderando, Monitoreo de Violencia Pol\u00edtica y Monitoreo de LOTAIP jose.calva@udla.edu.ec\" \/>\n<meta property=\"og:url\" content=\"https:\/\/www.participacionciudadana.org\/web\/jose-calva-asistente-tecnico-de-proyectos\/\" \/>\n<meta property=\"og:site_name\" content=\"Participaci\u00f3n Ciudadana\" \/>\n<meta property=\"article:publisher\" content=\"https:\/\/www.facebook.com\/ParticipacionPC\/\" \/>\n<meta property=\"article:modified_time\" content=\"2026-04-13T18:25:56+00:00\" \/>\n<meta property=\"og:image\" content=\"https:\/\/www.participacionciudadana.org\/web\/wp-content\/uploads\/2022\/01\/Jose\u0301-Calva.png\" \/>\n\t<meta property=\"og:image:width\" content=\"583\" \/>\n\t<meta property=\"og:image:height\" content=\"581\" \/>\n\t<meta property=\"og:image:type\" content=\"image\/png\" \/>\n<meta name=\"twitter:card\" content=\"summary_large_image\" \/>\n<meta name=\"twitter:site\" content=\"@ParticipacionPC\" \/>\n<script type=\"application\/ld+json\" class=\"yoast-schema-graph\">{\"@context\":\"https:\/\/schema.org\",\"@graph\":[{\"@type\":\"WebPage\",\"@id\":\"https:\/\/www.participacionciudadana.org\/web\/jose-calva-asistente-tecnico-de-proyectos\/\",\"url\":\"https:\/\/www.participacionciudadana.org\/web\/jose-calva-asistente-tecnico-de-proyectos\/\",\"name\":\"Jos\u00e9 Daniel Calva - Asistente t\u00e9cnico de proyectos - Participaci\u00f3n Ciudadana\",\"isPartOf\":{\"@id\":\"https:\/\/www.participacionciudadana.org\/web\/#website\"},\"primaryImageOfPage\":{\"@id\":\"https:\/\/www.participacionciudadana.org\/web\/jose-calva-asistente-tecnico-de-proyectos\/#primaryimage\"},\"image\":{\"@id\":\"https:\/\/www.participacionciudadana.org\/web\/jose-calva-asistente-tecnico-de-proyectos\/#primaryimage\"},\"thumbnailUrl\":\"https:\/\/www.participacionciudadana.org\/web\/wp-content\/uploads\/2022\/01\/Jose\u0301-Calva.png\",\"datePublished\":\"2022-01-06T04:19:52+00:00\",\"dateModified\":\"2026-04-13T18:25:56+00:00\",\"breadcrumb\":{\"@id\":\"https:\/\/www.participacionciudadana.org\/web\/jose-calva-asistente-tecnico-de-proyectos\/#breadcrumb\"},\"inLanguage\":\"es\",\"potentialAction\":[{\"@type\":\"ReadAction\",\"target\":[\"https:\/\/www.participacionciudadana.org\/web\/jose-calva-asistente-tecnico-de-proyectos\/\"]}]},{\"@type\":\"ImageObject\",\"inLanguage\":\"es\",\"@id\":\"https:\/\/www.participacionciudadana.org\/web\/jose-calva-asistente-tecnico-de-proyectos\/#primaryimage\",\"url\":\"https:\/\/www.participacionciudadana.org\/web\/wp-content\/uploads\/2022\/01\/Jose\u0301-Calva.png\",\"contentUrl\":\"https:\/\/www.participacionciudadana.org\/web\/wp-content\/uploads\/2022\/01\/Jose\u0301-Calva.png\",\"width\":583,\"height\":581},{\"@type\":\"BreadcrumbList\",\"@id\":\"https:\/\/www.participacionciudadana.org\/web\/jose-calva-asistente-tecnico-de-proyectos\/#breadcrumb\",\"itemListElement\":[{\"@type\":\"ListItem\",\"position\":1,\"name\":\"Portada\",\"item\":\"https:\/\/www.participacionciudadana.org\/web\/\"},{\"@type\":\"ListItem\",\"position\":2,\"name\":\"Jos\u00e9 Daniel Calva &#8211; Asistente t\u00e9cnico de proyectos\"}]},{\"@type\":\"WebSite\",\"@id\":\"https:\/\/www.participacionciudadana.org\/web\/#website\",\"url\":\"https:\/\/www.participacionciudadana.org\/web\/\",\"name\":\"Participaci\u00f3n Ciudadana\",\"description\":\"Comprometidos con la democracia\",\"publisher\":{\"@id\":\"https:\/\/www.participacionciudadana.org\/web\/#organization\"},\"potentialAction\":[{\"@type\":\"SearchAction\",\"target\":{\"@type\":\"EntryPoint\",\"urlTemplate\":\"https:\/\/www.participacionciudadana.org\/web\/?s={search_term_string}\"},\"query-input\":{\"@type\":\"PropertyValueSpecification\",\"valueRequired\":true,\"valueName\":\"search_term_string\"}}],\"inLanguage\":\"es\"},{\"@type\":\"Organization\",\"@id\":\"https:\/\/www.participacionciudadana.org\/web\/#organization\",\"name\":\"Participaci\u00f3n Ciudadana\",\"url\":\"https:\/\/www.participacionciudadana.org\/web\/\",\"logo\":{\"@type\":\"ImageObject\",\"inLanguage\":\"es\",\"@id\":\"https:\/\/www.participacionciudadana.org\/web\/#\/schema\/logo\/image\/\",\"url\":\"https:\/\/www.participacionciudadana.org\/web\/wp-content\/uploads\/2021\/11\/cropped-logo_pc-1.png\",\"contentUrl\":\"https:\/\/www.participacionciudadana.org\/web\/wp-content\/uploads\/2021\/11\/cropped-logo_pc-1.png\",\"width\":340,\"height\":114,\"caption\":\"Participaci\u00f3n Ciudadana\"},\"image\":{\"@id\":\"https:\/\/www.participacionciudadana.org\/web\/#\/schema\/logo\/image\/\"},\"sameAs\":[\"https:\/\/www.facebook.com\/ParticipacionPC\/\",\"https:\/\/x.com\/ParticipacionPC\"]}]}<\/script>\n<!-- \/ Yoast SEO plugin. -->","yoast_head_json":{"title":"Jos\u00e9 Daniel Calva - Asistente t\u00e9cnico de proyectos - Participaci\u00f3n Ciudadana","robots":{"index":"index","follow":"follow","max-snippet":"max-snippet:-1","max-image-preview":"max-image-preview:large","max-video-preview":"max-video-preview:-1"},"canonical":"https:\/\/www.participacionciudadana.org\/web\/jose-calva-asistente-tecnico-de-proyectos\/","og_locale":"es_ES","og_type":"article","og_title":"Jos\u00e9 Daniel Calva - Asistente t\u00e9cnico de proyectos - Participaci\u00f3n Ciudadana","og_description":"Polit\u00f3logo e Internacionalista de la Universidad de las Am\u00e9ricas Actualmente trabaja en el proyecto de J\u00f3venes Liderando, Monitoreo de Violencia Pol\u00edtica y Monitoreo de LOTAIP jose.calva@udla.edu.ec","og_url":"https:\/\/www.participacionciudadana.org\/web\/jose-calva-asistente-tecnico-de-proyectos\/","og_site_name":"Participaci\u00f3n Ciudadana","article_publisher":"https:\/\/www.facebook.com\/ParticipacionPC\/","article_modified_time":"2026-04-13T18:25:56+00:00","og_image":[{"width":583,"height":581,"url":"https:\/\/www.participacionciudadana.org\/web\/wp-content\/uploads\/2022\/01\/Jose\u0301-Calva.png","type":"image\/png"}],"twitter_card":"summary_large_image","twitter_site":"@ParticipacionPC","schema":{"@context":"https:\/\/schema.org","@graph":[{"@type":"WebPage","@id":"https:\/\/www.participacionciudadana.org\/web\/jose-calva-asistente-tecnico-de-proyectos\/","url":"https:\/\/www.participacionciudadana.org\/web\/jose-calva-asistente-tecnico-de-proyectos\/","name":"Jos\u00e9 Daniel Calva - Asistente t\u00e9cnico de proyectos - Participaci\u00f3n Ciudadana","isPartOf":{"@id":"https:\/\/www.participacionciudadana.org\/web\/#website"},"primaryImageOfPage":{"@id":"https:\/\/www.participacionciudadana.org\/web\/jose-calva-asistente-tecnico-de-proyectos\/#primaryimage"},"image":{"@id":"https:\/\/www.participacionciudadana.org\/web\/jose-calva-asistente-tecnico-de-proyectos\/#primaryimage"},"thumbnailUrl":"https:\/\/www.participacionciudadana.org\/web\/wp-content\/uploads\/2022\/01\/Jose\u0301-Calva.png","datePublished":"2022-01-06T04:19:52+00:00","dateModified":"2026-04-13T18:25:56+00:00","breadcrumb":{"@id":"https:\/\/www.participacionciudadana.org\/web\/jose-calva-asistente-tecnico-de-proyectos\/#breadcrumb"},"inLanguage":"es","potentialAction":[{"@type":"ReadAction","target":["https:\/\/www.participacionciudadana.org\/web\/jose-calva-asistente-tecnico-de-proyectos\/"]}]},{"@type":"ImageObject","inLanguage":"es","@id":"https:\/\/www.participacionciudadana.org\/web\/jose-calva-asistente-tecnico-de-proyectos\/#primaryimage","url":"https:\/\/www.participacionciudadana.org\/web\/wp-content\/uploads\/2022\/01\/Jose\u0301-Calva.png","contentUrl":"https:\/\/www.participacionciudadana.org\/web\/wp-content\/uploads\/2022\/01\/Jose\u0301-Calva.png","width":583,"height":581},{"@type":"BreadcrumbList","@id":"https:\/\/www.participacionciudadana.org\/web\/jose-calva-asistente-tecnico-de-proyectos\/#breadcrumb","itemListElement":[{"@type":"ListItem","position":1,"name":"Portada","item":"https:\/\/www.participacionciudadana.org\/web\/"},{"@type":"ListItem","position":2,"name":"Jos\u00e9 Daniel Calva &#8211; Asistente t\u00e9cnico de proyectos"}]},{"@type":"WebSite","@id":"https:\/\/www.participacionciudadana.org\/web\/#website","url":"https:\/\/www.participacionciudadana.org\/web\/","name":"Participaci\u00f3n Ciudadana","description":"Comprometidos con la democracia","publisher":{"@id":"https:\/\/www.participacionciudadana.org\/web\/#organization"},"potentialAction":[{"@type":"SearchAction","target":{"@type":"EntryPoint","urlTemplate":"https:\/\/www.participacionciudadana.org\/web\/?s={search_term_string}"},"query-input":{"@type":"PropertyValueSpecification","valueRequired":true,"valueName":"search_term_string"}}],"inLanguage":"es"},{"@type":"Organization","@id":"https:\/\/www.participacionciudadana.org\/web\/#organization","name":"Participaci\u00f3n Ciudadana","url":"https:\/\/www.participacionciudadana.org\/web\/","logo":{"@type":"ImageObject","inLanguage":"es","@id":"https:\/\/www.participacionciudadana.org\/web\/#\/schema\/logo\/image\/","url":"https:\/\/www.participacionciudadana.org\/web\/wp-content\/uploads\/2021\/11\/cropped-logo_pc-1.png","contentUrl":"https:\/\/www.participacionciudadana.org\/web\/wp-content\/uploads\/2021\/11\/cropped-logo_pc-1.png","width":340,"height":114,"caption":"Participaci\u00f3n Ciudadana"},"image":{"@id":"https:\/\/www.participacionciudadana.org\/web\/#\/schema\/logo\/image\/"},"sameAs":["https:\/\/www.facebook.com\/ParticipacionPC\/","https:\/\/x.com\/ParticipacionPC"]}]}},"_links":{"self":[{"href":"https:\/\/www.participacionciudadana.org\/web\/wp-json\/wp\/v2\/pages\/1503","targetHints":{"allow":["GET"]}}],"collection":[{"href":"https:\/\/www.participacionciudadana.org\/web\/wp-json\/wp\/v2\/pages"}],"about":[{"href":"https:\/\/www.participacionciudadana.org\/web\/wp-json\/wp\/v2\/types\/page"}],"author":[{"embeddable":true,"href":"https:\/\/www.participacionciudadana.org\/web\/wp-json\/wp\/v2\/users\/1"}],"replies":[{"embeddable":true,"href":"https:\/\/www.participacionciudadana.org\/web\/wp-json\/wp\/v2\/comments?post=1503"}],"version-history":[{"count":1,"href":"https:\/\/www.participacionciudadana.org\/web\/wp-json\/wp\/v2\/pages\/1503\/revisions"}],"predecessor-version":[{"id":7941,"href":"https:\/\/www.participacionciudadana.org\/web\/wp-json\/wp\/v2\/pages\/1503\/revisions\/7941"}],"wp:featuredmedia":[{"embeddable":true,"href":"https:\/\/www.participacionciudadana.org\/web\/wp-json\/wp\/v2\/media\/1504"}],"wp:attachment":[{"href":"https:\/\/www.participacionciudadana.org\/web\/wp-json\/wp\/v2\/media?parent=1503"}],"curies":[{"name":"wp","href":"https:\/\/api.w.org\/{rel}","templated":true}]}}