{"id":1521,"date":"2022-01-05T23:23:20","date_gmt":"2022-01-06T04:23:20","guid":{"rendered":"https:\/\/www.participacionciudadana.org\/web\/?page_id=1521"},"modified":"2022-01-05T23:45:41","modified_gmt":"2022-01-06T04:45:41","slug":"madelayne-hidalgo-monitoreadora","status":"publish","type":"page","link":"https:\/\/www.participacionciudadana.org\/web\/equipo-pc\/madelayne-hidalgo-monitoreadora\/","title":{"rendered":"Madelayne Hidalgo &#8211; Monitoreadora"},"content":{"rendered":"\n<p>Licenciada en Periodismo de la Universidad Tecnol\u00f3gica Equinoccial.<\/p>\n\n\n\n<p>Integrante del equipo t\u00e9cnico de Participaci\u00f3n Ciudadana en el \u00e1rea de monitoreo \u201cPublicidad oficial y electoral\u201d desde las elecciones del 2016.<\/p>\n\n\n\n<p>Actualmente es responsable del acompa\u00f1amiento t\u00e9cnico del cumplimiento a la Ley Org\u00e1nica de Transparencia y Acceso a la Informaci\u00f3n (LOTAIP) a gobiernos aut\u00f3nomos descentralizados municipales de la Amazon\u00eda dentro del proyecto \u201cAMAZON\u00cdA TRANSPARENTE\u201d.<\/p>\n","protected":false},"excerpt":{"rendered":"<p>Licenciada en Periodismo de la Universidad Tecnol\u00f3gica Equinoccial. Integrante del equipo t\u00e9cnico de Participaci\u00f3n Ciudadana en el \u00e1rea de monitoreo \u201cPublicidad oficial y electoral\u201d desde las elecciones del 2016. Actualmente es responsable del acompa\u00f1amiento t\u00e9cnico del cumplimiento a la Ley Org\u00e1nica de Transparencia y Acceso a la Informaci\u00f3n (LOTAIP) a gobiernos aut\u00f3nomos descentralizados municipales de [&hellip;]<\/p>\n","protected":false},"author":1,"featured_media":1522,"parent":1463,"menu_order":13,"comment_status":"closed","ping_status":"closed","template":"","meta":{"site-sidebar-layout":"default","site-content-layout":"","ast-site-content-layout":"default","site-content-style":"default","site-sidebar-style":"default","ast-global-header-display":"","ast-banner-title-visibility":"","ast-main-header-display":"","ast-hfb-above-header-display":"","ast-hfb-below-header-display":"","ast-hfb-mobile-header-display":"","site-post-title":"","ast-breadcrumbs-content":"","ast-featured-img":"","footer-sml-layout":"","ast-disable-related-posts":"","theme-transparent-header-meta":"","adv-header-id-meta":"","stick-header-meta":"","header-above-stick-meta":"","header-main-stick-meta":"","header-below-stick-meta":"","astra-migrate-meta-layouts":"default","ast-page-background-enabled":"default","ast-page-background-meta":{"desktop":{"background-color":"","background-image":"","background-repeat":"repeat","background-position":"center center","background-size":"auto","background-attachment":"scroll","background-type":"","background-media":"","overlay-type":"","overlay-color":"","overlay-opacity":"","overlay-gradient":""},"tablet":{"background-color":"","background-image":"","background-repeat":"repeat","background-position":"center center","background-size":"auto","background-attachment":"scroll","background-type":"","background-media":"","overlay-type":"","overlay-color":"","overlay-opacity":"","overlay-gradient":""},"mobile":{"background-color":"","background-image":"","background-repeat":"repeat","background-position":"center center","background-size":"auto","background-attachment":"scroll","background-type":"","background-media":"","overlay-type":"","overlay-color":"","overlay-opacity":"","overlay-gradient":""}},"ast-content-background-meta":{"desktop":{"background-color":"var(--ast-global-color-5)","background-image":"","background-repeat":"repeat","background-position":"center center","background-size":"auto","background-attachment":"scroll","background-type":"","background-media":"","overlay-type":"","overlay-color":"","overlay-opacity":"","overlay-gradient":""},"tablet":{"background-color":"var(--ast-global-color-5)","background-image":"","background-repeat":"repeat","background-position":"center center","background-size":"auto","background-attachment":"scroll","background-type":"","background-media":"","overlay-type":"","overlay-color":"","overlay-opacity":"","overlay-gradient":""},"mobile":{"background-color":"var(--ast-global-color-5)","background-image":"","background-repeat":"repeat","background-position":"center center","background-size":"auto","background-attachment":"scroll","background-type":"","background-media":"","overlay-type":"","overlay-color":"","overlay-opacity":"","overlay-gradient":""}},"_joinchat":[],"footnotes":""},"class_list":["post-1521","page","type-page","status-publish","has-post-thumbnail","hentry"],"yoast_head":"<!-- This site is optimized with the Yoast SEO plugin v26.5 - https:\/\/yoast.com\/wordpress\/plugins\/seo\/ -->\n<title>Madelayne Hidalgo - Monitoreadora - Participaci\u00f3n Ciudadana<\/title>\n<meta name=\"robots\" content=\"index, follow, max-snippet:-1, max-image-preview:large, max-video-preview:-1\" \/>\n<link rel=\"canonical\" href=\"https:\/\/www.participacionciudadana.org\/web\/equipo-pc\/madelayne-hidalgo-monitoreadora\/\" \/>\n<meta property=\"og:locale\" content=\"es_ES\" \/>\n<meta property=\"og:type\" content=\"article\" \/>\n<meta property=\"og:title\" content=\"Madelayne Hidalgo - Monitoreadora - Participaci\u00f3n Ciudadana\" \/>\n<meta property=\"og:description\" content=\"Licenciada en Periodismo de la Universidad Tecnol\u00f3gica Equinoccial. Integrante del equipo t\u00e9cnico de Participaci\u00f3n Ciudadana en el \u00e1rea de monitoreo \u201cPublicidad oficial y electoral\u201d desde las elecciones del 2016. Actualmente es responsable del acompa\u00f1amiento t\u00e9cnico del cumplimiento a la Ley Org\u00e1nica de Transparencia y Acceso a la Informaci\u00f3n (LOTAIP) a gobiernos aut\u00f3nomos descentralizados municipales de [&hellip;]\" \/>\n<meta property=\"og:url\" content=\"https:\/\/www.participacionciudadana.org\/web\/equipo-pc\/madelayne-hidalgo-monitoreadora\/\" \/>\n<meta property=\"og:site_name\" content=\"Participaci\u00f3n Ciudadana\" \/>\n<meta property=\"article:publisher\" content=\"https:\/\/www.facebook.com\/ParticipacionPC\/\" \/>\n<meta property=\"article:modified_time\" content=\"2022-01-06T04:45:41+00:00\" \/>\n<meta property=\"og:image\" content=\"https:\/\/www.participacionciudadana.org\/web\/wp-content\/uploads\/2022\/01\/Madelayne-Hidalgo.jpg\" \/>\n\t<meta property=\"og:image:width\" content=\"1045\" \/>\n\t<meta property=\"og:image:height\" content=\"1280\" \/>\n\t<meta property=\"og:image:type\" content=\"image\/jpeg\" \/>\n<meta name=\"twitter:card\" content=\"summary_large_image\" \/>\n<meta name=\"twitter:site\" content=\"@ParticipacionPC\" \/>\n<script type=\"application\/ld+json\" class=\"yoast-schema-graph\">{\"@context\":\"https:\/\/schema.org\",\"@graph\":[{\"@type\":\"WebPage\",\"@id\":\"https:\/\/www.participacionciudadana.org\/web\/equipo-pc\/madelayne-hidalgo-monitoreadora\/\",\"url\":\"https:\/\/www.participacionciudadana.org\/web\/equipo-pc\/madelayne-hidalgo-monitoreadora\/\",\"name\":\"Madelayne Hidalgo - Monitoreadora - Participaci\u00f3n Ciudadana\",\"isPartOf\":{\"@id\":\"https:\/\/www.participacionciudadana.org\/web\/#website\"},\"primaryImageOfPage\":{\"@id\":\"https:\/\/www.participacionciudadana.org\/web\/equipo-pc\/madelayne-hidalgo-monitoreadora\/#primaryimage\"},\"image\":{\"@id\":\"https:\/\/www.participacionciudadana.org\/web\/equipo-pc\/madelayne-hidalgo-monitoreadora\/#primaryimage\"},\"thumbnailUrl\":\"https:\/\/www.participacionciudadana.org\/web\/wp-content\/uploads\/2022\/01\/Madelayne-Hidalgo.jpg\",\"datePublished\":\"2022-01-06T04:23:20+00:00\",\"dateModified\":\"2022-01-06T04:45:41+00:00\",\"breadcrumb\":{\"@id\":\"https:\/\/www.participacionciudadana.org\/web\/equipo-pc\/madelayne-hidalgo-monitoreadora\/#breadcrumb\"},\"inLanguage\":\"es\",\"potentialAction\":[{\"@type\":\"ReadAction\",\"target\":[\"https:\/\/www.participacionciudadana.org\/web\/equipo-pc\/madelayne-hidalgo-monitoreadora\/\"]}]},{\"@type\":\"ImageObject\",\"inLanguage\":\"es\",\"@id\":\"https:\/\/www.participacionciudadana.org\/web\/equipo-pc\/madelayne-hidalgo-monitoreadora\/#primaryimage\",\"url\":\"https:\/\/www.participacionciudadana.org\/web\/wp-content\/uploads\/2022\/01\/Madelayne-Hidalgo.jpg\",\"contentUrl\":\"https:\/\/www.participacionciudadana.org\/web\/wp-content\/uploads\/2022\/01\/Madelayne-Hidalgo.jpg\",\"width\":1045,\"height\":1280},{\"@type\":\"BreadcrumbList\",\"@id\":\"https:\/\/www.participacionciudadana.org\/web\/equipo-pc\/madelayne-hidalgo-monitoreadora\/#breadcrumb\",\"itemListElement\":[{\"@type\":\"ListItem\",\"position\":1,\"name\":\"Portada\",\"item\":\"https:\/\/www.participacionciudadana.org\/web\/\"},{\"@type\":\"ListItem\",\"position\":2,\"name\":\"Equipo PC\",\"item\":\"https:\/\/www.participacionciudadana.org\/web\/equipo-pc\/\"},{\"@type\":\"ListItem\",\"position\":3,\"name\":\"Madelayne Hidalgo &#8211; Monitoreadora\"}]},{\"@type\":\"WebSite\",\"@id\":\"https:\/\/www.participacionciudadana.org\/web\/#website\",\"url\":\"https:\/\/www.participacionciudadana.org\/web\/\",\"name\":\"Participaci\u00f3n Ciudadana\",\"description\":\"Comprometidos con la democracia\",\"publisher\":{\"@id\":\"https:\/\/www.participacionciudadana.org\/web\/#organization\"},\"potentialAction\":[{\"@type\":\"SearchAction\",\"target\":{\"@type\":\"EntryPoint\",\"urlTemplate\":\"https:\/\/www.participacionciudadana.org\/web\/?s={search_term_string}\"},\"query-input\":{\"@type\":\"PropertyValueSpecification\",\"valueRequired\":true,\"valueName\":\"search_term_string\"}}],\"inLanguage\":\"es\"},{\"@type\":\"Organization\",\"@id\":\"https:\/\/www.participacionciudadana.org\/web\/#organization\",\"name\":\"Participaci\u00f3n Ciudadana\",\"url\":\"https:\/\/www.participacionciudadana.org\/web\/\",\"logo\":{\"@type\":\"ImageObject\",\"inLanguage\":\"es\",\"@id\":\"https:\/\/www.participacionciudadana.org\/web\/#\/schema\/logo\/image\/\",\"url\":\"https:\/\/www.participacionciudadana.org\/web\/wp-content\/uploads\/2021\/11\/cropped-logo_pc-1.png\",\"contentUrl\":\"https:\/\/www.participacionciudadana.org\/web\/wp-content\/uploads\/2021\/11\/cropped-logo_pc-1.png\",\"width\":340,\"height\":114,\"caption\":\"Participaci\u00f3n Ciudadana\"},\"image\":{\"@id\":\"https:\/\/www.participacionciudadana.org\/web\/#\/schema\/logo\/image\/\"},\"sameAs\":[\"https:\/\/www.facebook.com\/ParticipacionPC\/\",\"https:\/\/x.com\/ParticipacionPC\"]}]}<\/script>\n<!-- \/ Yoast SEO plugin. -->","yoast_head_json":{"title":"Madelayne Hidalgo - Monitoreadora - Participaci\u00f3n Ciudadana","robots":{"index":"index","follow":"follow","max-snippet":"max-snippet:-1","max-image-preview":"max-image-preview:large","max-video-preview":"max-video-preview:-1"},"canonical":"https:\/\/www.participacionciudadana.org\/web\/equipo-pc\/madelayne-hidalgo-monitoreadora\/","og_locale":"es_ES","og_type":"article","og_title":"Madelayne Hidalgo - Monitoreadora - Participaci\u00f3n Ciudadana","og_description":"Licenciada en Periodismo de la Universidad Tecnol\u00f3gica Equinoccial. Integrante del equipo t\u00e9cnico de Participaci\u00f3n Ciudadana en el \u00e1rea de monitoreo \u201cPublicidad oficial y electoral\u201d desde las elecciones del 2016. Actualmente es responsable del acompa\u00f1amiento t\u00e9cnico del cumplimiento a la Ley Org\u00e1nica de Transparencia y Acceso a la Informaci\u00f3n (LOTAIP) a gobiernos aut\u00f3nomos descentralizados municipales de [&hellip;]","og_url":"https:\/\/www.participacionciudadana.org\/web\/equipo-pc\/madelayne-hidalgo-monitoreadora\/","og_site_name":"Participaci\u00f3n Ciudadana","article_publisher":"https:\/\/www.facebook.com\/ParticipacionPC\/","article_modified_time":"2022-01-06T04:45:41+00:00","og_image":[{"width":1045,"height":1280,"url":"https:\/\/www.participacionciudadana.org\/web\/wp-content\/uploads\/2022\/01\/Madelayne-Hidalgo.jpg","type":"image\/jpeg"}],"twitter_card":"summary_large_image","twitter_site":"@ParticipacionPC","schema":{"@context":"https:\/\/schema.org","@graph":[{"@type":"WebPage","@id":"https:\/\/www.participacionciudadana.org\/web\/equipo-pc\/madelayne-hidalgo-monitoreadora\/","url":"https:\/\/www.participacionciudadana.org\/web\/equipo-pc\/madelayne-hidalgo-monitoreadora\/","name":"Madelayne Hidalgo - Monitoreadora - Participaci\u00f3n Ciudadana","isPartOf":{"@id":"https:\/\/www.participacionciudadana.org\/web\/#website"},"primaryImageOfPage":{"@id":"https:\/\/www.participacionciudadana.org\/web\/equipo-pc\/madelayne-hidalgo-monitoreadora\/#primaryimage"},"image":{"@id":"https:\/\/www.participacionciudadana.org\/web\/equipo-pc\/madelayne-hidalgo-monitoreadora\/#primaryimage"},"thumbnailUrl":"https:\/\/www.participacionciudadana.org\/web\/wp-content\/uploads\/2022\/01\/Madelayne-Hidalgo.jpg","datePublished":"2022-01-06T04:23:20+00:00","dateModified":"2022-01-06T04:45:41+00:00","breadcrumb":{"@id":"https:\/\/www.participacionciudadana.org\/web\/equipo-pc\/madelayne-hidalgo-monitoreadora\/#breadcrumb"},"inLanguage":"es","potentialAction":[{"@type":"ReadAction","target":["https:\/\/www.participacionciudadana.org\/web\/equipo-pc\/madelayne-hidalgo-monitoreadora\/"]}]},{"@type":"ImageObject","inLanguage":"es","@id":"https:\/\/www.participacionciudadana.org\/web\/equipo-pc\/madelayne-hidalgo-monitoreadora\/#primaryimage","url":"https:\/\/www.participacionciudadana.org\/web\/wp-content\/uploads\/2022\/01\/Madelayne-Hidalgo.jpg","contentUrl":"https:\/\/www.participacionciudadana.org\/web\/wp-content\/uploads\/2022\/01\/Madelayne-Hidalgo.jpg","width":1045,"height":1280},{"@type":"BreadcrumbList","@id":"https:\/\/www.participacionciudadana.org\/web\/equipo-pc\/madelayne-hidalgo-monitoreadora\/#breadcrumb","itemListElement":[{"@type":"ListItem","position":1,"name":"Portada","item":"https:\/\/www.participacionciudadana.org\/web\/"},{"@type":"ListItem","position":2,"name":"Equipo PC","item":"https:\/\/www.participacionciudadana.org\/web\/equipo-pc\/"},{"@type":"ListItem","position":3,"name":"Madelayne Hidalgo &#8211; Monitoreadora"}]},{"@type":"WebSite","@id":"https:\/\/www.participacionciudadana.org\/web\/#website","url":"https:\/\/www.participacionciudadana.org\/web\/","name":"Participaci\u00f3n Ciudadana","description":"Comprometidos con la democracia","publisher":{"@id":"https:\/\/www.participacionciudadana.org\/web\/#organization"},"potentialAction":[{"@type":"SearchAction","target":{"@type":"EntryPoint","urlTemplate":"https:\/\/www.participacionciudadana.org\/web\/?s={search_term_string}"},"query-input":{"@type":"PropertyValueSpecification","valueRequired":true,"valueName":"search_term_string"}}],"inLanguage":"es"},{"@type":"Organization","@id":"https:\/\/www.participacionciudadana.org\/web\/#organization","name":"Participaci\u00f3n Ciudadana","url":"https:\/\/www.participacionciudadana.org\/web\/","logo":{"@type":"ImageObject","inLanguage":"es","@id":"https:\/\/www.participacionciudadana.org\/web\/#\/schema\/logo\/image\/","url":"https:\/\/www.participacionciudadana.org\/web\/wp-content\/uploads\/2021\/11\/cropped-logo_pc-1.png","contentUrl":"https:\/\/www.participacionciudadana.org\/web\/wp-content\/uploads\/2021\/11\/cropped-logo_pc-1.png","width":340,"height":114,"caption":"Participaci\u00f3n Ciudadana"},"image":{"@id":"https:\/\/www.participacionciudadana.org\/web\/#\/schema\/logo\/image\/"},"sameAs":["https:\/\/www.facebook.com\/ParticipacionPC\/","https:\/\/x.com\/ParticipacionPC"]}]}},"_links":{"self":[{"href":"https:\/\/www.participacionciudadana.org\/web\/wp-json\/wp\/v2\/pages\/1521","targetHints":{"allow":["GET"]}}],"collection":[{"href":"https:\/\/www.participacionciudadana.org\/web\/wp-json\/wp\/v2\/pages"}],"about":[{"href":"https:\/\/www.participacionciudadana.org\/web\/wp-json\/wp\/v2\/types\/page"}],"author":[{"embeddable":true,"href":"https:\/\/www.participacionciudadana.org\/web\/wp-json\/wp\/v2\/users\/1"}],"replies":[{"embeddable":true,"href":"https:\/\/www.participacionciudadana.org\/web\/wp-json\/wp\/v2\/comments?post=1521"}],"version-history":[{"count":0,"href":"https:\/\/www.participacionciudadana.org\/web\/wp-json\/wp\/v2\/pages\/1521\/revisions"}],"up":[{"embeddable":true,"href":"https:\/\/www.participacionciudadana.org\/web\/wp-json\/wp\/v2\/pages\/1463"}],"wp:featuredmedia":[{"embeddable":true,"href":"https:\/\/www.participacionciudadana.org\/web\/wp-json\/wp\/v2\/media\/1522"}],"wp:attachment":[{"href":"https:\/\/www.participacionciudadana.org\/web\/wp-json\/wp\/v2\/media?parent=1521"}],"curies":[{"name":"wp","href":"https:\/\/api.w.org\/{rel}","templated":true}]}}