{"id":2452,"date":"2022-01-06T11:46:27","date_gmt":"2022-01-06T16:46:27","guid":{"rendered":"https:\/\/www.participacionciudadana.org\/web\/?page_id=2452"},"modified":"2022-01-06T11:50:36","modified_gmt":"2022-01-06T16:50:36","slug":"ibeth-lopez-cazar","status":"publish","type":"page","link":"https:\/\/www.participacionciudadana.org\/web\/proyectos\/eiti\/ibeth-lopez-cazar\/","title":{"rendered":"Ibeth L\u00f3pez Cazar"},"content":{"rendered":"\n<p>Especialista en Relaciones Internacionales y Cooperaci\u00f3n, Proyectos de Desarrollo, Econom\u00eda, Finanzas y Pol\u00edticas P\u00fablicas con ocho a\u00f1os de experiencia en entornos multiculturales de organismos nacionales e internacionales en los campos de proyectos de desarrollo, relaciones internacionales, econom\u00eda, pol\u00edticas p\u00fablicas y gobernabilidad. Public\u00f3 The Extractive Initiative (EITI) and Corruption in Latin America.<\/p>\n","protected":false},"excerpt":{"rendered":"<p>Especialista en Relaciones Internacionales y Cooperaci\u00f3n, Proyectos de Desarrollo, Econom\u00eda, Finanzas y Pol\u00edticas P\u00fablicas con ocho a\u00f1os de experiencia en entornos multiculturales de organismos nacionales e internacionales en los campos de proyectos de desarrollo, relaciones internacionales, econom\u00eda, pol\u00edticas p\u00fablicas y gobernabilidad. Public\u00f3 The Extractive Initiative (EITI) and Corruption in Latin America.<\/p>\n","protected":false},"author":1,"featured_media":2455,"parent":794,"menu_order":2,"comment_status":"closed","ping_status":"closed","template":"","meta":{"site-sidebar-layout":"default","site-content-layout":"","ast-site-content-layout":"default","site-content-style":"default","site-sidebar-style":"default","ast-global-header-display":"","ast-banner-title-visibility":"","ast-main-header-display":"","ast-hfb-above-header-display":"","ast-hfb-below-header-display":"","ast-hfb-mobile-header-display":"","site-post-title":"","ast-breadcrumbs-content":"","ast-featured-img":"","footer-sml-layout":"","ast-disable-related-posts":"","theme-transparent-header-meta":"","adv-header-id-meta":"","stick-header-meta":"","header-above-stick-meta":"","header-main-stick-meta":"","header-below-stick-meta":"","astra-migrate-meta-layouts":"default","ast-page-background-enabled":"default","ast-page-background-meta":{"desktop":{"background-color":"","background-image":"","background-repeat":"repeat","background-position":"center center","background-size":"auto","background-attachment":"scroll","background-type":"","background-media":"","overlay-type":"","overlay-color":"","overlay-opacity":"","overlay-gradient":""},"tablet":{"background-color":"","background-image":"","background-repeat":"repeat","background-position":"center center","background-size":"auto","background-attachment":"scroll","background-type":"","background-media":"","overlay-type":"","overlay-color":"","overlay-opacity":"","overlay-gradient":""},"mobile":{"background-color":"","background-image":"","background-repeat":"repeat","background-position":"center center","background-size":"auto","background-attachment":"scroll","background-type":"","background-media":"","overlay-type":"","overlay-color":"","overlay-opacity":"","overlay-gradient":""}},"ast-content-background-meta":{"desktop":{"background-color":"var(--ast-global-color-5)","background-image":"","background-repeat":"repeat","background-position":"center center","background-size":"auto","background-attachment":"scroll","background-type":"","background-media":"","overlay-type":"","overlay-color":"","overlay-opacity":"","overlay-gradient":""},"tablet":{"background-color":"var(--ast-global-color-5)","background-image":"","background-repeat":"repeat","background-position":"center center","background-size":"auto","background-attachment":"scroll","background-type":"","background-media":"","overlay-type":"","overlay-color":"","overlay-opacity":"","overlay-gradient":""},"mobile":{"background-color":"var(--ast-global-color-5)","background-image":"","background-repeat":"repeat","background-position":"center center","background-size":"auto","background-attachment":"scroll","background-type":"","background-media":"","overlay-type":"","overlay-color":"","overlay-opacity":"","overlay-gradient":""}},"_joinchat":[],"footnotes":""},"class_list":["post-2452","page","type-page","status-publish","has-post-thumbnail","hentry"],"yoast_head":"<!-- This site is optimized with the Yoast SEO plugin v26.5 - https:\/\/yoast.com\/wordpress\/plugins\/seo\/ -->\n<title>Ibeth L\u00f3pez Cazar - Participaci\u00f3n Ciudadana<\/title>\n<meta name=\"robots\" content=\"index, follow, max-snippet:-1, max-image-preview:large, max-video-preview:-1\" \/>\n<link rel=\"canonical\" href=\"https:\/\/www.participacionciudadana.org\/web\/proyectos\/eiti\/ibeth-lopez-cazar\/\" \/>\n<meta property=\"og:locale\" content=\"es_ES\" \/>\n<meta property=\"og:type\" content=\"article\" \/>\n<meta property=\"og:title\" content=\"Ibeth L\u00f3pez Cazar - Participaci\u00f3n Ciudadana\" \/>\n<meta property=\"og:description\" content=\"Especialista en Relaciones Internacionales y Cooperaci\u00f3n, Proyectos de Desarrollo, Econom\u00eda, Finanzas y Pol\u00edticas P\u00fablicas con ocho a\u00f1os de experiencia en entornos multiculturales de organismos nacionales e internacionales en los campos de proyectos de desarrollo, relaciones internacionales, econom\u00eda, pol\u00edticas p\u00fablicas y gobernabilidad. Public\u00f3 The Extractive Initiative (EITI) and Corruption in Latin America.\" \/>\n<meta property=\"og:url\" content=\"https:\/\/www.participacionciudadana.org\/web\/proyectos\/eiti\/ibeth-lopez-cazar\/\" \/>\n<meta property=\"og:site_name\" content=\"Participaci\u00f3n Ciudadana\" \/>\n<meta property=\"article:publisher\" content=\"https:\/\/www.facebook.com\/ParticipacionPC\/\" \/>\n<meta property=\"article:modified_time\" content=\"2022-01-06T16:50:36+00:00\" \/>\n<meta property=\"og:image\" content=\"https:\/\/www.participacionciudadana.org\/web\/wp-content\/uploads\/2022\/01\/ibethlopez-1.jpeg\" \/>\n\t<meta property=\"og:image:width\" content=\"150\" \/>\n\t<meta property=\"og:image:height\" content=\"150\" \/>\n\t<meta property=\"og:image:type\" content=\"image\/jpeg\" \/>\n<meta name=\"twitter:card\" content=\"summary_large_image\" \/>\n<meta name=\"twitter:site\" content=\"@ParticipacionPC\" \/>\n<script type=\"application\/ld+json\" class=\"yoast-schema-graph\">{\"@context\":\"https:\/\/schema.org\",\"@graph\":[{\"@type\":\"WebPage\",\"@id\":\"https:\/\/www.participacionciudadana.org\/web\/proyectos\/eiti\/ibeth-lopez-cazar\/\",\"url\":\"https:\/\/www.participacionciudadana.org\/web\/proyectos\/eiti\/ibeth-lopez-cazar\/\",\"name\":\"Ibeth L\u00f3pez Cazar - Participaci\u00f3n Ciudadana\",\"isPartOf\":{\"@id\":\"https:\/\/www.participacionciudadana.org\/web\/#website\"},\"primaryImageOfPage\":{\"@id\":\"https:\/\/www.participacionciudadana.org\/web\/proyectos\/eiti\/ibeth-lopez-cazar\/#primaryimage\"},\"image\":{\"@id\":\"https:\/\/www.participacionciudadana.org\/web\/proyectos\/eiti\/ibeth-lopez-cazar\/#primaryimage\"},\"thumbnailUrl\":\"https:\/\/www.participacionciudadana.org\/web\/wp-content\/uploads\/2022\/01\/ibethlopez-1.jpeg\",\"datePublished\":\"2022-01-06T16:46:27+00:00\",\"dateModified\":\"2022-01-06T16:50:36+00:00\",\"breadcrumb\":{\"@id\":\"https:\/\/www.participacionciudadana.org\/web\/proyectos\/eiti\/ibeth-lopez-cazar\/#breadcrumb\"},\"inLanguage\":\"es\",\"potentialAction\":[{\"@type\":\"ReadAction\",\"target\":[\"https:\/\/www.participacionciudadana.org\/web\/proyectos\/eiti\/ibeth-lopez-cazar\/\"]}]},{\"@type\":\"ImageObject\",\"inLanguage\":\"es\",\"@id\":\"https:\/\/www.participacionciudadana.org\/web\/proyectos\/eiti\/ibeth-lopez-cazar\/#primaryimage\",\"url\":\"https:\/\/www.participacionciudadana.org\/web\/wp-content\/uploads\/2022\/01\/ibethlopez-1.jpeg\",\"contentUrl\":\"https:\/\/www.participacionciudadana.org\/web\/wp-content\/uploads\/2022\/01\/ibethlopez-1.jpeg\",\"width\":150,\"height\":150},{\"@type\":\"BreadcrumbList\",\"@id\":\"https:\/\/www.participacionciudadana.org\/web\/proyectos\/eiti\/ibeth-lopez-cazar\/#breadcrumb\",\"itemListElement\":[{\"@type\":\"ListItem\",\"position\":1,\"name\":\"Portada\",\"item\":\"https:\/\/www.participacionciudadana.org\/web\/\"},{\"@type\":\"ListItem\",\"position\":2,\"name\":\"Proyectos\",\"item\":\"https:\/\/www.participacionciudadana.org\/web\/proyectos\/\"},{\"@type\":\"ListItem\",\"position\":3,\"name\":\"EITI\",\"item\":\"https:\/\/www.participacionciudadana.org\/web\/proyectos\/eiti\/\"},{\"@type\":\"ListItem\",\"position\":4,\"name\":\"Ibeth L\u00f3pez Cazar\"}]},{\"@type\":\"WebSite\",\"@id\":\"https:\/\/www.participacionciudadana.org\/web\/#website\",\"url\":\"https:\/\/www.participacionciudadana.org\/web\/\",\"name\":\"Participaci\u00f3n Ciudadana\",\"description\":\"Comprometidos con la democracia\",\"publisher\":{\"@id\":\"https:\/\/www.participacionciudadana.org\/web\/#organization\"},\"potentialAction\":[{\"@type\":\"SearchAction\",\"target\":{\"@type\":\"EntryPoint\",\"urlTemplate\":\"https:\/\/www.participacionciudadana.org\/web\/?s={search_term_string}\"},\"query-input\":{\"@type\":\"PropertyValueSpecification\",\"valueRequired\":true,\"valueName\":\"search_term_string\"}}],\"inLanguage\":\"es\"},{\"@type\":\"Organization\",\"@id\":\"https:\/\/www.participacionciudadana.org\/web\/#organization\",\"name\":\"Participaci\u00f3n Ciudadana\",\"url\":\"https:\/\/www.participacionciudadana.org\/web\/\",\"logo\":{\"@type\":\"ImageObject\",\"inLanguage\":\"es\",\"@id\":\"https:\/\/www.participacionciudadana.org\/web\/#\/schema\/logo\/image\/\",\"url\":\"https:\/\/www.participacionciudadana.org\/web\/wp-content\/uploads\/2021\/11\/cropped-logo_pc-1.png\",\"contentUrl\":\"https:\/\/www.participacionciudadana.org\/web\/wp-content\/uploads\/2021\/11\/cropped-logo_pc-1.png\",\"width\":340,\"height\":114,\"caption\":\"Participaci\u00f3n Ciudadana\"},\"image\":{\"@id\":\"https:\/\/www.participacionciudadana.org\/web\/#\/schema\/logo\/image\/\"},\"sameAs\":[\"https:\/\/www.facebook.com\/ParticipacionPC\/\",\"https:\/\/x.com\/ParticipacionPC\"]}]}<\/script>\n<!-- \/ Yoast SEO plugin. -->","yoast_head_json":{"title":"Ibeth L\u00f3pez Cazar - Participaci\u00f3n Ciudadana","robots":{"index":"index","follow":"follow","max-snippet":"max-snippet:-1","max-image-preview":"max-image-preview:large","max-video-preview":"max-video-preview:-1"},"canonical":"https:\/\/www.participacionciudadana.org\/web\/proyectos\/eiti\/ibeth-lopez-cazar\/","og_locale":"es_ES","og_type":"article","og_title":"Ibeth L\u00f3pez Cazar - Participaci\u00f3n Ciudadana","og_description":"Especialista en Relaciones Internacionales y Cooperaci\u00f3n, Proyectos de Desarrollo, Econom\u00eda, Finanzas y Pol\u00edticas P\u00fablicas con ocho a\u00f1os de experiencia en entornos multiculturales de organismos nacionales e internacionales en los campos de proyectos de desarrollo, relaciones internacionales, econom\u00eda, pol\u00edticas p\u00fablicas y gobernabilidad. Public\u00f3 The Extractive Initiative (EITI) and Corruption in Latin America.","og_url":"https:\/\/www.participacionciudadana.org\/web\/proyectos\/eiti\/ibeth-lopez-cazar\/","og_site_name":"Participaci\u00f3n Ciudadana","article_publisher":"https:\/\/www.facebook.com\/ParticipacionPC\/","article_modified_time":"2022-01-06T16:50:36+00:00","og_image":[{"width":150,"height":150,"url":"https:\/\/www.participacionciudadana.org\/web\/wp-content\/uploads\/2022\/01\/ibethlopez-1.jpeg","type":"image\/jpeg"}],"twitter_card":"summary_large_image","twitter_site":"@ParticipacionPC","schema":{"@context":"https:\/\/schema.org","@graph":[{"@type":"WebPage","@id":"https:\/\/www.participacionciudadana.org\/web\/proyectos\/eiti\/ibeth-lopez-cazar\/","url":"https:\/\/www.participacionciudadana.org\/web\/proyectos\/eiti\/ibeth-lopez-cazar\/","name":"Ibeth L\u00f3pez Cazar - Participaci\u00f3n Ciudadana","isPartOf":{"@id":"https:\/\/www.participacionciudadana.org\/web\/#website"},"primaryImageOfPage":{"@id":"https:\/\/www.participacionciudadana.org\/web\/proyectos\/eiti\/ibeth-lopez-cazar\/#primaryimage"},"image":{"@id":"https:\/\/www.participacionciudadana.org\/web\/proyectos\/eiti\/ibeth-lopez-cazar\/#primaryimage"},"thumbnailUrl":"https:\/\/www.participacionciudadana.org\/web\/wp-content\/uploads\/2022\/01\/ibethlopez-1.jpeg","datePublished":"2022-01-06T16:46:27+00:00","dateModified":"2022-01-06T16:50:36+00:00","breadcrumb":{"@id":"https:\/\/www.participacionciudadana.org\/web\/proyectos\/eiti\/ibeth-lopez-cazar\/#breadcrumb"},"inLanguage":"es","potentialAction":[{"@type":"ReadAction","target":["https:\/\/www.participacionciudadana.org\/web\/proyectos\/eiti\/ibeth-lopez-cazar\/"]}]},{"@type":"ImageObject","inLanguage":"es","@id":"https:\/\/www.participacionciudadana.org\/web\/proyectos\/eiti\/ibeth-lopez-cazar\/#primaryimage","url":"https:\/\/www.participacionciudadana.org\/web\/wp-content\/uploads\/2022\/01\/ibethlopez-1.jpeg","contentUrl":"https:\/\/www.participacionciudadana.org\/web\/wp-content\/uploads\/2022\/01\/ibethlopez-1.jpeg","width":150,"height":150},{"@type":"BreadcrumbList","@id":"https:\/\/www.participacionciudadana.org\/web\/proyectos\/eiti\/ibeth-lopez-cazar\/#breadcrumb","itemListElement":[{"@type":"ListItem","position":1,"name":"Portada","item":"https:\/\/www.participacionciudadana.org\/web\/"},{"@type":"ListItem","position":2,"name":"Proyectos","item":"https:\/\/www.participacionciudadana.org\/web\/proyectos\/"},{"@type":"ListItem","position":3,"name":"EITI","item":"https:\/\/www.participacionciudadana.org\/web\/proyectos\/eiti\/"},{"@type":"ListItem","position":4,"name":"Ibeth L\u00f3pez Cazar"}]},{"@type":"WebSite","@id":"https:\/\/www.participacionciudadana.org\/web\/#website","url":"https:\/\/www.participacionciudadana.org\/web\/","name":"Participaci\u00f3n Ciudadana","description":"Comprometidos con la democracia","publisher":{"@id":"https:\/\/www.participacionciudadana.org\/web\/#organization"},"potentialAction":[{"@type":"SearchAction","target":{"@type":"EntryPoint","urlTemplate":"https:\/\/www.participacionciudadana.org\/web\/?s={search_term_string}"},"query-input":{"@type":"PropertyValueSpecification","valueRequired":true,"valueName":"search_term_string"}}],"inLanguage":"es"},{"@type":"Organization","@id":"https:\/\/www.participacionciudadana.org\/web\/#organization","name":"Participaci\u00f3n Ciudadana","url":"https:\/\/www.participacionciudadana.org\/web\/","logo":{"@type":"ImageObject","inLanguage":"es","@id":"https:\/\/www.participacionciudadana.org\/web\/#\/schema\/logo\/image\/","url":"https:\/\/www.participacionciudadana.org\/web\/wp-content\/uploads\/2021\/11\/cropped-logo_pc-1.png","contentUrl":"https:\/\/www.participacionciudadana.org\/web\/wp-content\/uploads\/2021\/11\/cropped-logo_pc-1.png","width":340,"height":114,"caption":"Participaci\u00f3n Ciudadana"},"image":{"@id":"https:\/\/www.participacionciudadana.org\/web\/#\/schema\/logo\/image\/"},"sameAs":["https:\/\/www.facebook.com\/ParticipacionPC\/","https:\/\/x.com\/ParticipacionPC"]}]}},"_links":{"self":[{"href":"https:\/\/www.participacionciudadana.org\/web\/wp-json\/wp\/v2\/pages\/2452","targetHints":{"allow":["GET"]}}],"collection":[{"href":"https:\/\/www.participacionciudadana.org\/web\/wp-json\/wp\/v2\/pages"}],"about":[{"href":"https:\/\/www.participacionciudadana.org\/web\/wp-json\/wp\/v2\/types\/page"}],"author":[{"embeddable":true,"href":"https:\/\/www.participacionciudadana.org\/web\/wp-json\/wp\/v2\/users\/1"}],"replies":[{"embeddable":true,"href":"https:\/\/www.participacionciudadana.org\/web\/wp-json\/wp\/v2\/comments?post=2452"}],"version-history":[{"count":0,"href":"https:\/\/www.participacionciudadana.org\/web\/wp-json\/wp\/v2\/pages\/2452\/revisions"}],"up":[{"embeddable":true,"href":"https:\/\/www.participacionciudadana.org\/web\/wp-json\/wp\/v2\/pages\/794"}],"wp:featuredmedia":[{"embeddable":true,"href":"https:\/\/www.participacionciudadana.org\/web\/wp-json\/wp\/v2\/media\/2455"}],"wp:attachment":[{"href":"https:\/\/www.participacionciudadana.org\/web\/wp-json\/wp\/v2\/media?parent=2452"}],"curies":[{"name":"wp","href":"https:\/\/api.w.org\/{rel}","templated":true}]}}