{"id":4148,"date":"2022-12-07T14:51:21","date_gmt":"2022-12-07T19:51:21","guid":{"rendered":"https:\/\/www.participacionciudadana.org\/web\/?page_id=4148"},"modified":"2022-12-08T15:18:50","modified_gmt":"2022-12-08T20:18:50","slug":"publicidad-oficial","status":"publish","type":"page","link":"https:\/\/www.participacionciudadana.org\/web\/elecciones-2023\/publicidad-oficial\/","title":{"rendered":"Publicidad oficial"},"content":{"rendered":"<ul>\n<li>Monitoreo de las entidades del Estado que difunden publicidad en medios de comunicaci\u00f3n, antes durante y despu\u00e9s de la campa\u00f1a electoral. En el marco del proceso electoral de 2023, el Centro de Monitoreo de PC monitorear\u00e1 los canales de televisi\u00f3n, de se\u00f1al nacional.<\/li>\n<li>Vigilancia al cumplimiento del art\u00edculo 219 del C\u00f3digo de la Democracia, que proh\u00edbe a las autoridades p\u00fablicas difundir su nombre en las obras o proyectos.<\/li>\n<\/ul>\n\n\n<figure class=\"wp-block-gallery has-nested-images columns-default is-cropped wp-block-gallery-1 is-layout-flex wp-block-gallery-is-layout-flex\">\n<figure class=\"wp-block-image size-large\"><img fetchpriority=\"high\" decoding=\"async\" width=\"360\" height=\"201\" data-id=\"4177\" src=\"https:\/\/www.participacionciudadana.org\/web\/wp-content\/uploads\/2022\/12\/PublicidadOficial01.jpeg\" alt=\"\" class=\"wp-image-4177\" srcset=\"https:\/\/www.participacionciudadana.org\/web\/wp-content\/uploads\/2022\/12\/PublicidadOficial01.jpeg 360w, https:\/\/www.participacionciudadana.org\/web\/wp-content\/uploads\/2022\/12\/PublicidadOficial01-300x168.jpeg 300w\" sizes=\"(max-width: 360px) 100vw, 360px\" \/><\/figure>\n\n\n\n<figure class=\"wp-block-image size-large\"><img decoding=\"async\" width=\"360\" height=\"201\" data-id=\"4178\" src=\"https:\/\/www.participacionciudadana.org\/web\/wp-content\/uploads\/2022\/12\/PublicidadOficial02.jpeg\" alt=\"\" class=\"wp-image-4178\" srcset=\"https:\/\/www.participacionciudadana.org\/web\/wp-content\/uploads\/2022\/12\/PublicidadOficial02.jpeg 360w, https:\/\/www.participacionciudadana.org\/web\/wp-content\/uploads\/2022\/12\/PublicidadOficial02-300x168.jpeg 300w\" sizes=\"(max-width: 360px) 100vw, 360px\" \/><\/figure>\n<\/figure>\n\n\n\n<figure class=\"wp-block-gallery has-nested-images columns-default is-cropped wp-block-gallery-2 is-layout-flex wp-block-gallery-is-layout-flex\">\n<figure class=\"wp-block-image size-large\"><img decoding=\"async\" width=\"360\" height=\"201\" data-id=\"4179\" src=\"https:\/\/www.participacionciudadana.org\/web\/wp-content\/uploads\/2022\/12\/PublicidadOficial03.jpeg\" alt=\"\" class=\"wp-image-4179\" srcset=\"https:\/\/www.participacionciudadana.org\/web\/wp-content\/uploads\/2022\/12\/PublicidadOficial03.jpeg 360w, https:\/\/www.participacionciudadana.org\/web\/wp-content\/uploads\/2022\/12\/PublicidadOficial03-300x168.jpeg 300w\" sizes=\"(max-width: 360px) 100vw, 360px\" \/><\/figure>\n\n\n\n<figure class=\"wp-block-image size-large\"><img loading=\"lazy\" decoding=\"async\" width=\"360\" height=\"201\" data-id=\"4176\" src=\"https:\/\/www.participacionciudadana.org\/web\/wp-content\/uploads\/2022\/12\/PublicidadOficial04.jpeg\" alt=\"\" class=\"wp-image-4176\" srcset=\"https:\/\/www.participacionciudadana.org\/web\/wp-content\/uploads\/2022\/12\/PublicidadOficial04.jpeg 360w, https:\/\/www.participacionciudadana.org\/web\/wp-content\/uploads\/2022\/12\/PublicidadOficial04-300x168.jpeg 300w\" sizes=\"(max-width: 360px) 100vw, 360px\" \/><\/figure>\n<\/figure>\n","protected":false},"excerpt":{"rendered":"<p>Monitoreo de las entidades del Estado que difunden publicidad en medios de comunicaci\u00f3n, antes durante y despu\u00e9s de la campa\u00f1a electoral. En el marco del proceso electoral de 2023, el Centro de Monitoreo de PC monitorear\u00e1 los canales de televisi\u00f3n, de se\u00f1al nacional. Vigilancia al cumplimiento del art\u00edculo 219 del C\u00f3digo de la Democracia, que [&hellip;]<\/p>\n","protected":false},"author":1,"featured_media":0,"parent":4037,"menu_order":1,"comment_status":"closed","ping_status":"closed","template":"","meta":{"site-sidebar-layout":"default","site-content-layout":"","ast-site-content-layout":"default","site-content-style":"default","site-sidebar-style":"default","ast-global-header-display":"","ast-banner-title-visibility":"","ast-main-header-display":"","ast-hfb-above-header-display":"","ast-hfb-below-header-display":"","ast-hfb-mobile-header-display":"","site-post-title":"","ast-breadcrumbs-content":"","ast-featured-img":"","footer-sml-layout":"","ast-disable-related-posts":"","theme-transparent-header-meta":"","adv-header-id-meta":"","stick-header-meta":"","header-above-stick-meta":"","header-main-stick-meta":"","header-below-stick-meta":"","astra-migrate-meta-layouts":"default","ast-page-background-enabled":"default","ast-page-background-meta":{"desktop":{"background-color":"","background-image":"","background-repeat":"repeat","background-position":"center center","background-size":"auto","background-attachment":"scroll","background-type":"","background-media":"","overlay-type":"","overlay-color":"","overlay-opacity":"","overlay-gradient":""},"tablet":{"background-color":"","background-image":"","background-repeat":"repeat","background-position":"center center","background-size":"auto","background-attachment":"scroll","background-type":"","background-media":"","overlay-type":"","overlay-color":"","overlay-opacity":"","overlay-gradient":""},"mobile":{"background-color":"","background-image":"","background-repeat":"repeat","background-position":"center center","background-size":"auto","background-attachment":"scroll","background-type":"","background-media":"","overlay-type":"","overlay-color":"","overlay-opacity":"","overlay-gradient":""}},"ast-content-background-meta":{"desktop":{"background-color":"var(--ast-global-color-5)","background-image":"","background-repeat":"repeat","background-position":"center center","background-size":"auto","background-attachment":"scroll","background-type":"","background-media":"","overlay-type":"","overlay-color":"","overlay-opacity":"","overlay-gradient":""},"tablet":{"background-color":"var(--ast-global-color-5)","background-image":"","background-repeat":"repeat","background-position":"center center","background-size":"auto","background-attachment":"scroll","background-type":"","background-media":"","overlay-type":"","overlay-color":"","overlay-opacity":"","overlay-gradient":""},"mobile":{"background-color":"var(--ast-global-color-5)","background-image":"","background-repeat":"repeat","background-position":"center center","background-size":"auto","background-attachment":"scroll","background-type":"","background-media":"","overlay-type":"","overlay-color":"","overlay-opacity":"","overlay-gradient":""}},"_joinchat":[],"footnotes":""},"class_list":["post-4148","page","type-page","status-publish","hentry"],"yoast_head":"<!-- This site is optimized with the Yoast SEO plugin v26.5 - https:\/\/yoast.com\/wordpress\/plugins\/seo\/ -->\n<title>Publicidad oficial - Participaci\u00f3n Ciudadana<\/title>\n<meta name=\"robots\" content=\"index, follow, max-snippet:-1, max-image-preview:large, max-video-preview:-1\" \/>\n<link rel=\"canonical\" href=\"https:\/\/www.participacionciudadana.org\/web\/elecciones-2023\/publicidad-oficial\/\" \/>\n<meta property=\"og:locale\" content=\"es_ES\" \/>\n<meta property=\"og:type\" content=\"article\" \/>\n<meta property=\"og:title\" content=\"Publicidad oficial - Participaci\u00f3n Ciudadana\" \/>\n<meta property=\"og:description\" content=\"Monitoreo de las entidades del Estado que difunden publicidad en medios de comunicaci\u00f3n, antes durante y despu\u00e9s de la campa\u00f1a electoral. En el marco del proceso electoral de 2023, el Centro de Monitoreo de PC monitorear\u00e1 los canales de televisi\u00f3n, de se\u00f1al nacional. Vigilancia al cumplimiento del art\u00edculo 219 del C\u00f3digo de la Democracia, que [&hellip;]\" \/>\n<meta property=\"og:url\" content=\"https:\/\/www.participacionciudadana.org\/web\/elecciones-2023\/publicidad-oficial\/\" \/>\n<meta property=\"og:site_name\" content=\"Participaci\u00f3n Ciudadana\" \/>\n<meta property=\"article:publisher\" content=\"https:\/\/www.facebook.com\/ParticipacionPC\/\" \/>\n<meta property=\"article:modified_time\" content=\"2022-12-08T20:18:50+00:00\" \/>\n<meta property=\"og:image\" content=\"https:\/\/www.participacionciudadana.org\/web\/wp-content\/uploads\/2022\/12\/PublicidadOficial01.jpeg\" \/>\n<meta name=\"twitter:card\" content=\"summary_large_image\" \/>\n<meta name=\"twitter:site\" content=\"@ParticipacionPC\" \/>\n<script type=\"application\/ld+json\" class=\"yoast-schema-graph\">{\"@context\":\"https:\/\/schema.org\",\"@graph\":[{\"@type\":\"WebPage\",\"@id\":\"https:\/\/www.participacionciudadana.org\/web\/elecciones-2023\/publicidad-oficial\/\",\"url\":\"https:\/\/www.participacionciudadana.org\/web\/elecciones-2023\/publicidad-oficial\/\",\"name\":\"Publicidad oficial - Participaci\u00f3n Ciudadana\",\"isPartOf\":{\"@id\":\"https:\/\/www.participacionciudadana.org\/web\/#website\"},\"primaryImageOfPage\":{\"@id\":\"https:\/\/www.participacionciudadana.org\/web\/elecciones-2023\/publicidad-oficial\/#primaryimage\"},\"image\":{\"@id\":\"https:\/\/www.participacionciudadana.org\/web\/elecciones-2023\/publicidad-oficial\/#primaryimage\"},\"thumbnailUrl\":\"https:\/\/www.participacionciudadana.org\/web\/wp-content\/uploads\/2022\/12\/PublicidadOficial01.jpeg\",\"datePublished\":\"2022-12-07T19:51:21+00:00\",\"dateModified\":\"2022-12-08T20:18:50+00:00\",\"breadcrumb\":{\"@id\":\"https:\/\/www.participacionciudadana.org\/web\/elecciones-2023\/publicidad-oficial\/#breadcrumb\"},\"inLanguage\":\"es\",\"potentialAction\":[{\"@type\":\"ReadAction\",\"target\":[\"https:\/\/www.participacionciudadana.org\/web\/elecciones-2023\/publicidad-oficial\/\"]}]},{\"@type\":\"ImageObject\",\"inLanguage\":\"es\",\"@id\":\"https:\/\/www.participacionciudadana.org\/web\/elecciones-2023\/publicidad-oficial\/#primaryimage\",\"url\":\"https:\/\/www.participacionciudadana.org\/web\/wp-content\/uploads\/2022\/12\/PublicidadOficial01.jpeg\",\"contentUrl\":\"https:\/\/www.participacionciudadana.org\/web\/wp-content\/uploads\/2022\/12\/PublicidadOficial01.jpeg\",\"width\":360,\"height\":201},{\"@type\":\"BreadcrumbList\",\"@id\":\"https:\/\/www.participacionciudadana.org\/web\/elecciones-2023\/publicidad-oficial\/#breadcrumb\",\"itemListElement\":[{\"@type\":\"ListItem\",\"position\":1,\"name\":\"Portada\",\"item\":\"https:\/\/www.participacionciudadana.org\/web\/\"},{\"@type\":\"ListItem\",\"position\":2,\"name\":\"Elecciones 2023\",\"item\":\"https:\/\/www.participacionciudadana.org\/web\/elecciones-2023\/\"},{\"@type\":\"ListItem\",\"position\":3,\"name\":\"Publicidad oficial\"}]},{\"@type\":\"WebSite\",\"@id\":\"https:\/\/www.participacionciudadana.org\/web\/#website\",\"url\":\"https:\/\/www.participacionciudadana.org\/web\/\",\"name\":\"Participaci\u00f3n Ciudadana\",\"description\":\"Comprometidos con la democracia\",\"publisher\":{\"@id\":\"https:\/\/www.participacionciudadana.org\/web\/#organization\"},\"potentialAction\":[{\"@type\":\"SearchAction\",\"target\":{\"@type\":\"EntryPoint\",\"urlTemplate\":\"https:\/\/www.participacionciudadana.org\/web\/?s={search_term_string}\"},\"query-input\":{\"@type\":\"PropertyValueSpecification\",\"valueRequired\":true,\"valueName\":\"search_term_string\"}}],\"inLanguage\":\"es\"},{\"@type\":\"Organization\",\"@id\":\"https:\/\/www.participacionciudadana.org\/web\/#organization\",\"name\":\"Participaci\u00f3n Ciudadana\",\"url\":\"https:\/\/www.participacionciudadana.org\/web\/\",\"logo\":{\"@type\":\"ImageObject\",\"inLanguage\":\"es\",\"@id\":\"https:\/\/www.participacionciudadana.org\/web\/#\/schema\/logo\/image\/\",\"url\":\"https:\/\/www.participacionciudadana.org\/web\/wp-content\/uploads\/2021\/11\/cropped-logo_pc-1.png\",\"contentUrl\":\"https:\/\/www.participacionciudadana.org\/web\/wp-content\/uploads\/2021\/11\/cropped-logo_pc-1.png\",\"width\":340,\"height\":114,\"caption\":\"Participaci\u00f3n Ciudadana\"},\"image\":{\"@id\":\"https:\/\/www.participacionciudadana.org\/web\/#\/schema\/logo\/image\/\"},\"sameAs\":[\"https:\/\/www.facebook.com\/ParticipacionPC\/\",\"https:\/\/x.com\/ParticipacionPC\"]}]}<\/script>\n<!-- \/ Yoast SEO plugin. -->","yoast_head_json":{"title":"Publicidad oficial - Participaci\u00f3n Ciudadana","robots":{"index":"index","follow":"follow","max-snippet":"max-snippet:-1","max-image-preview":"max-image-preview:large","max-video-preview":"max-video-preview:-1"},"canonical":"https:\/\/www.participacionciudadana.org\/web\/elecciones-2023\/publicidad-oficial\/","og_locale":"es_ES","og_type":"article","og_title":"Publicidad oficial - Participaci\u00f3n Ciudadana","og_description":"Monitoreo de las entidades del Estado que difunden publicidad en medios de comunicaci\u00f3n, antes durante y despu\u00e9s de la campa\u00f1a electoral. En el marco del proceso electoral de 2023, el Centro de Monitoreo de PC monitorear\u00e1 los canales de televisi\u00f3n, de se\u00f1al nacional. Vigilancia al cumplimiento del art\u00edculo 219 del C\u00f3digo de la Democracia, que [&hellip;]","og_url":"https:\/\/www.participacionciudadana.org\/web\/elecciones-2023\/publicidad-oficial\/","og_site_name":"Participaci\u00f3n Ciudadana","article_publisher":"https:\/\/www.facebook.com\/ParticipacionPC\/","article_modified_time":"2022-12-08T20:18:50+00:00","og_image":[{"url":"https:\/\/www.participacionciudadana.org\/web\/wp-content\/uploads\/2022\/12\/PublicidadOficial01.jpeg","type":"","width":"","height":""}],"twitter_card":"summary_large_image","twitter_site":"@ParticipacionPC","schema":{"@context":"https:\/\/schema.org","@graph":[{"@type":"WebPage","@id":"https:\/\/www.participacionciudadana.org\/web\/elecciones-2023\/publicidad-oficial\/","url":"https:\/\/www.participacionciudadana.org\/web\/elecciones-2023\/publicidad-oficial\/","name":"Publicidad oficial - Participaci\u00f3n Ciudadana","isPartOf":{"@id":"https:\/\/www.participacionciudadana.org\/web\/#website"},"primaryImageOfPage":{"@id":"https:\/\/www.participacionciudadana.org\/web\/elecciones-2023\/publicidad-oficial\/#primaryimage"},"image":{"@id":"https:\/\/www.participacionciudadana.org\/web\/elecciones-2023\/publicidad-oficial\/#primaryimage"},"thumbnailUrl":"https:\/\/www.participacionciudadana.org\/web\/wp-content\/uploads\/2022\/12\/PublicidadOficial01.jpeg","datePublished":"2022-12-07T19:51:21+00:00","dateModified":"2022-12-08T20:18:50+00:00","breadcrumb":{"@id":"https:\/\/www.participacionciudadana.org\/web\/elecciones-2023\/publicidad-oficial\/#breadcrumb"},"inLanguage":"es","potentialAction":[{"@type":"ReadAction","target":["https:\/\/www.participacionciudadana.org\/web\/elecciones-2023\/publicidad-oficial\/"]}]},{"@type":"ImageObject","inLanguage":"es","@id":"https:\/\/www.participacionciudadana.org\/web\/elecciones-2023\/publicidad-oficial\/#primaryimage","url":"https:\/\/www.participacionciudadana.org\/web\/wp-content\/uploads\/2022\/12\/PublicidadOficial01.jpeg","contentUrl":"https:\/\/www.participacionciudadana.org\/web\/wp-content\/uploads\/2022\/12\/PublicidadOficial01.jpeg","width":360,"height":201},{"@type":"BreadcrumbList","@id":"https:\/\/www.participacionciudadana.org\/web\/elecciones-2023\/publicidad-oficial\/#breadcrumb","itemListElement":[{"@type":"ListItem","position":1,"name":"Portada","item":"https:\/\/www.participacionciudadana.org\/web\/"},{"@type":"ListItem","position":2,"name":"Elecciones 2023","item":"https:\/\/www.participacionciudadana.org\/web\/elecciones-2023\/"},{"@type":"ListItem","position":3,"name":"Publicidad oficial"}]},{"@type":"WebSite","@id":"https:\/\/www.participacionciudadana.org\/web\/#website","url":"https:\/\/www.participacionciudadana.org\/web\/","name":"Participaci\u00f3n Ciudadana","description":"Comprometidos con la democracia","publisher":{"@id":"https:\/\/www.participacionciudadana.org\/web\/#organization"},"potentialAction":[{"@type":"SearchAction","target":{"@type":"EntryPoint","urlTemplate":"https:\/\/www.participacionciudadana.org\/web\/?s={search_term_string}"},"query-input":{"@type":"PropertyValueSpecification","valueRequired":true,"valueName":"search_term_string"}}],"inLanguage":"es"},{"@type":"Organization","@id":"https:\/\/www.participacionciudadana.org\/web\/#organization","name":"Participaci\u00f3n Ciudadana","url":"https:\/\/www.participacionciudadana.org\/web\/","logo":{"@type":"ImageObject","inLanguage":"es","@id":"https:\/\/www.participacionciudadana.org\/web\/#\/schema\/logo\/image\/","url":"https:\/\/www.participacionciudadana.org\/web\/wp-content\/uploads\/2021\/11\/cropped-logo_pc-1.png","contentUrl":"https:\/\/www.participacionciudadana.org\/web\/wp-content\/uploads\/2021\/11\/cropped-logo_pc-1.png","width":340,"height":114,"caption":"Participaci\u00f3n Ciudadana"},"image":{"@id":"https:\/\/www.participacionciudadana.org\/web\/#\/schema\/logo\/image\/"},"sameAs":["https:\/\/www.facebook.com\/ParticipacionPC\/","https:\/\/x.com\/ParticipacionPC"]}]}},"_links":{"self":[{"href":"https:\/\/www.participacionciudadana.org\/web\/wp-json\/wp\/v2\/pages\/4148","targetHints":{"allow":["GET"]}}],"collection":[{"href":"https:\/\/www.participacionciudadana.org\/web\/wp-json\/wp\/v2\/pages"}],"about":[{"href":"https:\/\/www.participacionciudadana.org\/web\/wp-json\/wp\/v2\/types\/page"}],"author":[{"embeddable":true,"href":"https:\/\/www.participacionciudadana.org\/web\/wp-json\/wp\/v2\/users\/1"}],"replies":[{"embeddable":true,"href":"https:\/\/www.participacionciudadana.org\/web\/wp-json\/wp\/v2\/comments?post=4148"}],"version-history":[{"count":0,"href":"https:\/\/www.participacionciudadana.org\/web\/wp-json\/wp\/v2\/pages\/4148\/revisions"}],"up":[{"embeddable":true,"href":"https:\/\/www.participacionciudadana.org\/web\/wp-json\/wp\/v2\/pages\/4037"}],"wp:attachment":[{"href":"https:\/\/www.participacionciudadana.org\/web\/wp-json\/wp\/v2\/media?parent=4148"}],"curies":[{"name":"wp","href":"https:\/\/api.w.org\/{rel}","templated":true}]}}