{"id":6269,"date":"2023-10-05T16:23:10","date_gmt":"2023-10-05T21:23:10","guid":{"rendered":"https:\/\/www.participacionciudadana.org\/web\/?page_id=6269"},"modified":"2023-10-05T16:27:40","modified_gmt":"2023-10-05T21:27:40","slug":"primer-informe-de-publicidad-oficial-durante-la-campana-electoral-para-la-segunda-vuelta-del-24-de-septiembre-al-01-de-octubre","status":"publish","type":"page","link":"https:\/\/www.participacionciudadana.org\/web\/monitoreo-a-la-publicidad-oficial-2da-vuelta\/primer-informe-de-publicidad-oficial-durante-la-campana-electoral-para-la-segunda-vuelta-del-24-de-septiembre-al-01-de-octubre\/","title":{"rendered":"Primer informe de Publicidad Oficial, durante la campa\u00f1a electoral para la segunda vuelta, del 24 de septiembre al 01 de octubre"},"content":{"rendered":"\n<p>El Centro de Monitoreo de Medios de la Corporaci\u00f3n Participaci\u00f3n Ciudadana presenta el informe de publicidad oficial, correspondiente a la campa\u00f1a electoral, para la segunda vuelta, con base en los 11 canales de televisi\u00f3n monitoreados.<\/p>\n\n\n\n<figure class=\"wp-block-gallery has-nested-images columns-default is-cropped wp-block-gallery-1 is-layout-flex wp-block-gallery-is-layout-flex\">\n<figure class=\"wp-block-image size-large\"><img fetchpriority=\"high\" decoding=\"async\" width=\"600\" height=\"600\" data-id=\"6271\" src=\"https:\/\/www.participacionciudadana.org\/web\/wp-content\/uploads\/2023\/10\/1IPO.jpeg\" alt=\"\" class=\"wp-image-6271\" srcset=\"https:\/\/www.participacionciudadana.org\/web\/wp-content\/uploads\/2023\/10\/1IPO.jpeg 600w, https:\/\/www.participacionciudadana.org\/web\/wp-content\/uploads\/2023\/10\/1IPO-300x300.jpeg 300w, https:\/\/www.participacionciudadana.org\/web\/wp-content\/uploads\/2023\/10\/1IPO-150x150.jpeg 150w\" sizes=\"(max-width: 600px) 100vw, 600px\" \/><\/figure>\n\n\n\n<figure class=\"wp-block-image size-large\"><img decoding=\"async\" width=\"600\" height=\"600\" data-id=\"6270\" src=\"https:\/\/www.participacionciudadana.org\/web\/wp-content\/uploads\/2023\/10\/2IPO.jpg\" alt=\"\" class=\"wp-image-6270\" srcset=\"https:\/\/www.participacionciudadana.org\/web\/wp-content\/uploads\/2023\/10\/2IPO.jpg 600w, https:\/\/www.participacionciudadana.org\/web\/wp-content\/uploads\/2023\/10\/2IPO-300x300.jpg 300w, https:\/\/www.participacionciudadana.org\/web\/wp-content\/uploads\/2023\/10\/2IPO-150x150.jpg 150w\" sizes=\"(max-width: 600px) 100vw, 600px\" \/><\/figure>\n<\/figure>\n\n\n\n<figure class=\"wp-block-gallery has-nested-images columns-default is-cropped wp-block-gallery-2 is-layout-flex wp-block-gallery-is-layout-flex\">\n<figure class=\"wp-block-image size-large\"><img decoding=\"async\" width=\"600\" height=\"600\" data-id=\"6272\" src=\"https:\/\/www.participacionciudadana.org\/web\/wp-content\/uploads\/2023\/10\/3IPO.jpg\" alt=\"\" class=\"wp-image-6272\" srcset=\"https:\/\/www.participacionciudadana.org\/web\/wp-content\/uploads\/2023\/10\/3IPO.jpg 600w, https:\/\/www.participacionciudadana.org\/web\/wp-content\/uploads\/2023\/10\/3IPO-300x300.jpg 300w, https:\/\/www.participacionciudadana.org\/web\/wp-content\/uploads\/2023\/10\/3IPO-150x150.jpg 150w\" sizes=\"(max-width: 600px) 100vw, 600px\" \/><\/figure>\n\n\n\n<figure class=\"wp-block-image size-large\"><img loading=\"lazy\" decoding=\"async\" width=\"1000\" height=\"1000\" data-id=\"6273\" src=\"https:\/\/www.participacionciudadana.org\/web\/wp-content\/uploads\/2023\/10\/4IPO.jpg\" alt=\"\" class=\"wp-image-6273\" srcset=\"https:\/\/www.participacionciudadana.org\/web\/wp-content\/uploads\/2023\/10\/4IPO.jpg 1000w, https:\/\/www.participacionciudadana.org\/web\/wp-content\/uploads\/2023\/10\/4IPO-300x300.jpg 300w, https:\/\/www.participacionciudadana.org\/web\/wp-content\/uploads\/2023\/10\/4IPO-150x150.jpg 150w, https:\/\/www.participacionciudadana.org\/web\/wp-content\/uploads\/2023\/10\/4IPO-768x768.jpg 768w, https:\/\/www.participacionciudadana.org\/web\/wp-content\/uploads\/2023\/10\/4IPO-600x600.jpg 600w\" sizes=\"(max-width: 1000px) 100vw, 1000px\" \/><\/figure>\n<\/figure>\n\n\n\n<p><strong>Accede al informe completo aqu\u00ed:<\/strong><\/p>\n\n\n\n<div data-wp-interactive=\"core\/file\" class=\"wp-block-file\"><object data-wp-bind--hidden=\"!state.hasPdfPreview\" hidden class=\"wp-block-file__embed\" data=\"https:\/\/www.participacionciudadana.org\/web\/wp-content\/uploads\/2023\/10\/I-PUBLICIDAD-OFICIAL.pdf\" type=\"application\/pdf\" style=\"width:100%;height:600px\" aria-label=\"Incrustado de I-PUBLICIDAD-OFICIAL.\"><\/object><a id=\"wp-block-file--media-8aea047b-406f-44ee-a141-a5cc98d7dd13\" href=\"https:\/\/www.participacionciudadana.org\/web\/wp-content\/uploads\/2023\/10\/I-PUBLICIDAD-OFICIAL.pdf\">I-PUBLICIDAD-OFICIAL<\/a><a href=\"https:\/\/www.participacionciudadana.org\/web\/wp-content\/uploads\/2023\/10\/I-PUBLICIDAD-OFICIAL.pdf\" class=\"wp-block-file__button wp-element-button\" download aria-describedby=\"wp-block-file--media-8aea047b-406f-44ee-a141-a5cc98d7dd13\">Descarga<\/a><\/div>\n","protected":false},"excerpt":{"rendered":"<p>El Centro de Monitoreo de Medios de la Corporaci\u00f3n Participaci\u00f3n Ciudadana presenta el informe de publicidad oficial, correspondiente a la campa\u00f1a electoral, para la segunda vuelta, con base en los 11 canales de televisi\u00f3n monitoreados. Accede al informe completo aqu\u00ed:<\/p>\n","protected":false},"author":1,"featured_media":6271,"parent":6224,"menu_order":0,"comment_status":"closed","ping_status":"closed","template":"","meta":{"site-sidebar-layout":"default","site-content-layout":"","ast-site-content-layout":"default","site-content-style":"default","site-sidebar-style":"default","ast-global-header-display":"","ast-banner-title-visibility":"","ast-main-header-display":"","ast-hfb-above-header-display":"","ast-hfb-below-header-display":"","ast-hfb-mobile-header-display":"","site-post-title":"","ast-breadcrumbs-content":"","ast-featured-img":"","footer-sml-layout":"","ast-disable-related-posts":"","theme-transparent-header-meta":"","adv-header-id-meta":"","stick-header-meta":"","header-above-stick-meta":"","header-main-stick-meta":"","header-below-stick-meta":"","astra-migrate-meta-layouts":"set","ast-page-background-enabled":"default","ast-page-background-meta":{"desktop":{"background-color":"","background-image":"","background-repeat":"repeat","background-position":"center center","background-size":"auto","background-attachment":"scroll","background-type":"","background-media":"","overlay-type":"","overlay-color":"","overlay-opacity":"","overlay-gradient":""},"tablet":{"background-color":"","background-image":"","background-repeat":"repeat","background-position":"center center","background-size":"auto","background-attachment":"scroll","background-type":"","background-media":"","overlay-type":"","overlay-color":"","overlay-opacity":"","overlay-gradient":""},"mobile":{"background-color":"","background-image":"","background-repeat":"repeat","background-position":"center center","background-size":"auto","background-attachment":"scroll","background-type":"","background-media":"","overlay-type":"","overlay-color":"","overlay-opacity":"","overlay-gradient":""}},"ast-content-background-meta":{"desktop":{"background-color":"var(--ast-global-color-5)","background-image":"","background-repeat":"repeat","background-position":"center center","background-size":"auto","background-attachment":"scroll","background-type":"","background-media":"","overlay-type":"","overlay-color":"","overlay-opacity":"","overlay-gradient":""},"tablet":{"background-color":"var(--ast-global-color-5)","background-image":"","background-repeat":"repeat","background-position":"center center","background-size":"auto","background-attachment":"scroll","background-type":"","background-media":"","overlay-type":"","overlay-color":"","overlay-opacity":"","overlay-gradient":""},"mobile":{"background-color":"var(--ast-global-color-5)","background-image":"","background-repeat":"repeat","background-position":"center center","background-size":"auto","background-attachment":"scroll","background-type":"","background-media":"","overlay-type":"","overlay-color":"","overlay-opacity":"","overlay-gradient":""}},"_joinchat":[],"footnotes":""},"class_list":["post-6269","page","type-page","status-publish","has-post-thumbnail","hentry"],"yoast_head":"<!-- This site is optimized with the Yoast SEO plugin v26.5 - https:\/\/yoast.com\/wordpress\/plugins\/seo\/ -->\n<title>Primer informe de Publicidad Oficial, durante la campa\u00f1a electoral para la segunda vuelta, del 24 de septiembre al 01 de octubre - Participaci\u00f3n Ciudadana<\/title>\n<meta name=\"robots\" content=\"index, follow, max-snippet:-1, max-image-preview:large, max-video-preview:-1\" \/>\n<link rel=\"canonical\" href=\"https:\/\/www.participacionciudadana.org\/web\/monitoreo-a-la-publicidad-oficial-2da-vuelta\/primer-informe-de-publicidad-oficial-durante-la-campana-electoral-para-la-segunda-vuelta-del-24-de-septiembre-al-01-de-octubre\/\" \/>\n<meta property=\"og:locale\" content=\"es_ES\" \/>\n<meta property=\"og:type\" content=\"article\" \/>\n<meta property=\"og:title\" content=\"Primer informe de Publicidad Oficial, durante la campa\u00f1a electoral para la segunda vuelta, del 24 de septiembre al 01 de octubre - Participaci\u00f3n Ciudadana\" \/>\n<meta property=\"og:description\" content=\"El Centro de Monitoreo de Medios de la Corporaci\u00f3n Participaci\u00f3n Ciudadana presenta el informe de publicidad oficial, correspondiente a la campa\u00f1a electoral, para la segunda vuelta, con base en los 11 canales de televisi\u00f3n monitoreados. Accede al informe completo aqu\u00ed:\" \/>\n<meta property=\"og:url\" content=\"https:\/\/www.participacionciudadana.org\/web\/monitoreo-a-la-publicidad-oficial-2da-vuelta\/primer-informe-de-publicidad-oficial-durante-la-campana-electoral-para-la-segunda-vuelta-del-24-de-septiembre-al-01-de-octubre\/\" \/>\n<meta property=\"og:site_name\" content=\"Participaci\u00f3n Ciudadana\" \/>\n<meta property=\"article:publisher\" content=\"https:\/\/www.facebook.com\/ParticipacionPC\/\" \/>\n<meta property=\"article:modified_time\" content=\"2023-10-05T21:27:40+00:00\" \/>\n<meta property=\"og:image\" content=\"https:\/\/www.participacionciudadana.org\/web\/wp-content\/uploads\/2023\/10\/1IPO.jpeg\" \/>\n<meta name=\"twitter:card\" content=\"summary_large_image\" \/>\n<meta name=\"twitter:site\" content=\"@ParticipacionPC\" \/>\n<meta name=\"twitter:label1\" content=\"Tiempo de lectura\" \/>\n\t<meta name=\"twitter:data1\" content=\"1 minuto\" \/>\n<script type=\"application\/ld+json\" class=\"yoast-schema-graph\">{\"@context\":\"https:\/\/schema.org\",\"@graph\":[{\"@type\":\"WebPage\",\"@id\":\"https:\/\/www.participacionciudadana.org\/web\/monitoreo-a-la-publicidad-oficial-2da-vuelta\/primer-informe-de-publicidad-oficial-durante-la-campana-electoral-para-la-segunda-vuelta-del-24-de-septiembre-al-01-de-octubre\/\",\"url\":\"https:\/\/www.participacionciudadana.org\/web\/monitoreo-a-la-publicidad-oficial-2da-vuelta\/primer-informe-de-publicidad-oficial-durante-la-campana-electoral-para-la-segunda-vuelta-del-24-de-septiembre-al-01-de-octubre\/\",\"name\":\"Primer informe de Publicidad Oficial, durante la campa\u00f1a electoral para la segunda vuelta, del 24 de septiembre al 01 de octubre - Participaci\u00f3n Ciudadana\",\"isPartOf\":{\"@id\":\"https:\/\/www.participacionciudadana.org\/web\/#website\"},\"primaryImageOfPage\":{\"@id\":\"https:\/\/www.participacionciudadana.org\/web\/monitoreo-a-la-publicidad-oficial-2da-vuelta\/primer-informe-de-publicidad-oficial-durante-la-campana-electoral-para-la-segunda-vuelta-del-24-de-septiembre-al-01-de-octubre\/#primaryimage\"},\"image\":{\"@id\":\"https:\/\/www.participacionciudadana.org\/web\/monitoreo-a-la-publicidad-oficial-2da-vuelta\/primer-informe-de-publicidad-oficial-durante-la-campana-electoral-para-la-segunda-vuelta-del-24-de-septiembre-al-01-de-octubre\/#primaryimage\"},\"thumbnailUrl\":\"https:\/\/www.participacionciudadana.org\/web\/wp-content\/uploads\/2023\/10\/1IPO.jpeg\",\"datePublished\":\"2023-10-05T21:23:10+00:00\",\"dateModified\":\"2023-10-05T21:27:40+00:00\",\"breadcrumb\":{\"@id\":\"https:\/\/www.participacionciudadana.org\/web\/monitoreo-a-la-publicidad-oficial-2da-vuelta\/primer-informe-de-publicidad-oficial-durante-la-campana-electoral-para-la-segunda-vuelta-del-24-de-septiembre-al-01-de-octubre\/#breadcrumb\"},\"inLanguage\":\"es\",\"potentialAction\":[{\"@type\":\"ReadAction\",\"target\":[\"https:\/\/www.participacionciudadana.org\/web\/monitoreo-a-la-publicidad-oficial-2da-vuelta\/primer-informe-de-publicidad-oficial-durante-la-campana-electoral-para-la-segunda-vuelta-del-24-de-septiembre-al-01-de-octubre\/\"]}]},{\"@type\":\"ImageObject\",\"inLanguage\":\"es\",\"@id\":\"https:\/\/www.participacionciudadana.org\/web\/monitoreo-a-la-publicidad-oficial-2da-vuelta\/primer-informe-de-publicidad-oficial-durante-la-campana-electoral-para-la-segunda-vuelta-del-24-de-septiembre-al-01-de-octubre\/#primaryimage\",\"url\":\"https:\/\/www.participacionciudadana.org\/web\/wp-content\/uploads\/2023\/10\/1IPO.jpeg\",\"contentUrl\":\"https:\/\/www.participacionciudadana.org\/web\/wp-content\/uploads\/2023\/10\/1IPO.jpeg\",\"width\":600,\"height\":600},{\"@type\":\"BreadcrumbList\",\"@id\":\"https:\/\/www.participacionciudadana.org\/web\/monitoreo-a-la-publicidad-oficial-2da-vuelta\/primer-informe-de-publicidad-oficial-durante-la-campana-electoral-para-la-segunda-vuelta-del-24-de-septiembre-al-01-de-octubre\/#breadcrumb\",\"itemListElement\":[{\"@type\":\"ListItem\",\"position\":1,\"name\":\"Portada\",\"item\":\"https:\/\/www.participacionciudadana.org\/web\/\"},{\"@type\":\"ListItem\",\"position\":2,\"name\":\"Monitoreo a la publicidad oficial &#8211; 2da vuelta\",\"item\":\"https:\/\/www.participacionciudadana.org\/web\/monitoreo-a-la-publicidad-oficial-2da-vuelta\/\"},{\"@type\":\"ListItem\",\"position\":3,\"name\":\"Primer informe de Publicidad Oficial, durante la campa\u00f1a electoral para la segunda vuelta, del 24 de septiembre al 01 de octubre\"}]},{\"@type\":\"WebSite\",\"@id\":\"https:\/\/www.participacionciudadana.org\/web\/#website\",\"url\":\"https:\/\/www.participacionciudadana.org\/web\/\",\"name\":\"Participaci\u00f3n Ciudadana\",\"description\":\"Comprometidos con la democracia\",\"publisher\":{\"@id\":\"https:\/\/www.participacionciudadana.org\/web\/#organization\"},\"potentialAction\":[{\"@type\":\"SearchAction\",\"target\":{\"@type\":\"EntryPoint\",\"urlTemplate\":\"https:\/\/www.participacionciudadana.org\/web\/?s={search_term_string}\"},\"query-input\":{\"@type\":\"PropertyValueSpecification\",\"valueRequired\":true,\"valueName\":\"search_term_string\"}}],\"inLanguage\":\"es\"},{\"@type\":\"Organization\",\"@id\":\"https:\/\/www.participacionciudadana.org\/web\/#organization\",\"name\":\"Participaci\u00f3n Ciudadana\",\"url\":\"https:\/\/www.participacionciudadana.org\/web\/\",\"logo\":{\"@type\":\"ImageObject\",\"inLanguage\":\"es\",\"@id\":\"https:\/\/www.participacionciudadana.org\/web\/#\/schema\/logo\/image\/\",\"url\":\"https:\/\/www.participacionciudadana.org\/web\/wp-content\/uploads\/2021\/11\/cropped-logo_pc-1.png\",\"contentUrl\":\"https:\/\/www.participacionciudadana.org\/web\/wp-content\/uploads\/2021\/11\/cropped-logo_pc-1.png\",\"width\":340,\"height\":114,\"caption\":\"Participaci\u00f3n Ciudadana\"},\"image\":{\"@id\":\"https:\/\/www.participacionciudadana.org\/web\/#\/schema\/logo\/image\/\"},\"sameAs\":[\"https:\/\/www.facebook.com\/ParticipacionPC\/\",\"https:\/\/x.com\/ParticipacionPC\"]}]}<\/script>\n<!-- \/ Yoast SEO plugin. -->","yoast_head_json":{"title":"Primer informe de Publicidad Oficial, durante la campa\u00f1a electoral para la segunda vuelta, del 24 de septiembre al 01 de octubre - Participaci\u00f3n Ciudadana","robots":{"index":"index","follow":"follow","max-snippet":"max-snippet:-1","max-image-preview":"max-image-preview:large","max-video-preview":"max-video-preview:-1"},"canonical":"https:\/\/www.participacionciudadana.org\/web\/monitoreo-a-la-publicidad-oficial-2da-vuelta\/primer-informe-de-publicidad-oficial-durante-la-campana-electoral-para-la-segunda-vuelta-del-24-de-septiembre-al-01-de-octubre\/","og_locale":"es_ES","og_type":"article","og_title":"Primer informe de Publicidad Oficial, durante la campa\u00f1a electoral para la segunda vuelta, del 24 de septiembre al 01 de octubre - Participaci\u00f3n Ciudadana","og_description":"El Centro de Monitoreo de Medios de la Corporaci\u00f3n Participaci\u00f3n Ciudadana presenta el informe de publicidad oficial, correspondiente a la campa\u00f1a electoral, para la segunda vuelta, con base en los 11 canales de televisi\u00f3n monitoreados. Accede al informe completo aqu\u00ed:","og_url":"https:\/\/www.participacionciudadana.org\/web\/monitoreo-a-la-publicidad-oficial-2da-vuelta\/primer-informe-de-publicidad-oficial-durante-la-campana-electoral-para-la-segunda-vuelta-del-24-de-septiembre-al-01-de-octubre\/","og_site_name":"Participaci\u00f3n Ciudadana","article_publisher":"https:\/\/www.facebook.com\/ParticipacionPC\/","article_modified_time":"2023-10-05T21:27:40+00:00","og_image":[{"url":"https:\/\/www.participacionciudadana.org\/web\/wp-content\/uploads\/2023\/10\/1IPO.jpeg","type":"","width":"","height":""}],"twitter_card":"summary_large_image","twitter_site":"@ParticipacionPC","twitter_misc":{"Tiempo de lectura":"1 minuto"},"schema":{"@context":"https:\/\/schema.org","@graph":[{"@type":"WebPage","@id":"https:\/\/www.participacionciudadana.org\/web\/monitoreo-a-la-publicidad-oficial-2da-vuelta\/primer-informe-de-publicidad-oficial-durante-la-campana-electoral-para-la-segunda-vuelta-del-24-de-septiembre-al-01-de-octubre\/","url":"https:\/\/www.participacionciudadana.org\/web\/monitoreo-a-la-publicidad-oficial-2da-vuelta\/primer-informe-de-publicidad-oficial-durante-la-campana-electoral-para-la-segunda-vuelta-del-24-de-septiembre-al-01-de-octubre\/","name":"Primer informe de Publicidad Oficial, durante la campa\u00f1a electoral para la segunda vuelta, del 24 de septiembre al 01 de octubre - Participaci\u00f3n Ciudadana","isPartOf":{"@id":"https:\/\/www.participacionciudadana.org\/web\/#website"},"primaryImageOfPage":{"@id":"https:\/\/www.participacionciudadana.org\/web\/monitoreo-a-la-publicidad-oficial-2da-vuelta\/primer-informe-de-publicidad-oficial-durante-la-campana-electoral-para-la-segunda-vuelta-del-24-de-septiembre-al-01-de-octubre\/#primaryimage"},"image":{"@id":"https:\/\/www.participacionciudadana.org\/web\/monitoreo-a-la-publicidad-oficial-2da-vuelta\/primer-informe-de-publicidad-oficial-durante-la-campana-electoral-para-la-segunda-vuelta-del-24-de-septiembre-al-01-de-octubre\/#primaryimage"},"thumbnailUrl":"https:\/\/www.participacionciudadana.org\/web\/wp-content\/uploads\/2023\/10\/1IPO.jpeg","datePublished":"2023-10-05T21:23:10+00:00","dateModified":"2023-10-05T21:27:40+00:00","breadcrumb":{"@id":"https:\/\/www.participacionciudadana.org\/web\/monitoreo-a-la-publicidad-oficial-2da-vuelta\/primer-informe-de-publicidad-oficial-durante-la-campana-electoral-para-la-segunda-vuelta-del-24-de-septiembre-al-01-de-octubre\/#breadcrumb"},"inLanguage":"es","potentialAction":[{"@type":"ReadAction","target":["https:\/\/www.participacionciudadana.org\/web\/monitoreo-a-la-publicidad-oficial-2da-vuelta\/primer-informe-de-publicidad-oficial-durante-la-campana-electoral-para-la-segunda-vuelta-del-24-de-septiembre-al-01-de-octubre\/"]}]},{"@type":"ImageObject","inLanguage":"es","@id":"https:\/\/www.participacionciudadana.org\/web\/monitoreo-a-la-publicidad-oficial-2da-vuelta\/primer-informe-de-publicidad-oficial-durante-la-campana-electoral-para-la-segunda-vuelta-del-24-de-septiembre-al-01-de-octubre\/#primaryimage","url":"https:\/\/www.participacionciudadana.org\/web\/wp-content\/uploads\/2023\/10\/1IPO.jpeg","contentUrl":"https:\/\/www.participacionciudadana.org\/web\/wp-content\/uploads\/2023\/10\/1IPO.jpeg","width":600,"height":600},{"@type":"BreadcrumbList","@id":"https:\/\/www.participacionciudadana.org\/web\/monitoreo-a-la-publicidad-oficial-2da-vuelta\/primer-informe-de-publicidad-oficial-durante-la-campana-electoral-para-la-segunda-vuelta-del-24-de-septiembre-al-01-de-octubre\/#breadcrumb","itemListElement":[{"@type":"ListItem","position":1,"name":"Portada","item":"https:\/\/www.participacionciudadana.org\/web\/"},{"@type":"ListItem","position":2,"name":"Monitoreo a la publicidad oficial &#8211; 2da vuelta","item":"https:\/\/www.participacionciudadana.org\/web\/monitoreo-a-la-publicidad-oficial-2da-vuelta\/"},{"@type":"ListItem","position":3,"name":"Primer informe de Publicidad Oficial, durante la campa\u00f1a electoral para la segunda vuelta, del 24 de septiembre al 01 de octubre"}]},{"@type":"WebSite","@id":"https:\/\/www.participacionciudadana.org\/web\/#website","url":"https:\/\/www.participacionciudadana.org\/web\/","name":"Participaci\u00f3n Ciudadana","description":"Comprometidos con la democracia","publisher":{"@id":"https:\/\/www.participacionciudadana.org\/web\/#organization"},"potentialAction":[{"@type":"SearchAction","target":{"@type":"EntryPoint","urlTemplate":"https:\/\/www.participacionciudadana.org\/web\/?s={search_term_string}"},"query-input":{"@type":"PropertyValueSpecification","valueRequired":true,"valueName":"search_term_string"}}],"inLanguage":"es"},{"@type":"Organization","@id":"https:\/\/www.participacionciudadana.org\/web\/#organization","name":"Participaci\u00f3n Ciudadana","url":"https:\/\/www.participacionciudadana.org\/web\/","logo":{"@type":"ImageObject","inLanguage":"es","@id":"https:\/\/www.participacionciudadana.org\/web\/#\/schema\/logo\/image\/","url":"https:\/\/www.participacionciudadana.org\/web\/wp-content\/uploads\/2021\/11\/cropped-logo_pc-1.png","contentUrl":"https:\/\/www.participacionciudadana.org\/web\/wp-content\/uploads\/2021\/11\/cropped-logo_pc-1.png","width":340,"height":114,"caption":"Participaci\u00f3n Ciudadana"},"image":{"@id":"https:\/\/www.participacionciudadana.org\/web\/#\/schema\/logo\/image\/"},"sameAs":["https:\/\/www.facebook.com\/ParticipacionPC\/","https:\/\/x.com\/ParticipacionPC"]}]}},"_links":{"self":[{"href":"https:\/\/www.participacionciudadana.org\/web\/wp-json\/wp\/v2\/pages\/6269","targetHints":{"allow":["GET"]}}],"collection":[{"href":"https:\/\/www.participacionciudadana.org\/web\/wp-json\/wp\/v2\/pages"}],"about":[{"href":"https:\/\/www.participacionciudadana.org\/web\/wp-json\/wp\/v2\/types\/page"}],"author":[{"embeddable":true,"href":"https:\/\/www.participacionciudadana.org\/web\/wp-json\/wp\/v2\/users\/1"}],"replies":[{"embeddable":true,"href":"https:\/\/www.participacionciudadana.org\/web\/wp-json\/wp\/v2\/comments?post=6269"}],"version-history":[{"count":0,"href":"https:\/\/www.participacionciudadana.org\/web\/wp-json\/wp\/v2\/pages\/6269\/revisions"}],"up":[{"embeddable":true,"href":"https:\/\/www.participacionciudadana.org\/web\/wp-json\/wp\/v2\/pages\/6224"}],"wp:featuredmedia":[{"embeddable":true,"href":"https:\/\/www.participacionciudadana.org\/web\/wp-json\/wp\/v2\/media\/6271"}],"wp:attachment":[{"href":"https:\/\/www.participacionciudadana.org\/web\/wp-json\/wp\/v2\/media?parent=6269"}],"curies":[{"name":"wp","href":"https:\/\/api.w.org\/{rel}","templated":true}]}}