{"id":7329,"date":"2025-01-14T14:59:51","date_gmt":"2025-01-14T19:59:51","guid":{"rendered":"https:\/\/www.participacionciudadana.org\/web\/?page_id=7329"},"modified":"2025-01-16T13:00:53","modified_gmt":"2025-01-16T18:00:53","slug":"violencia-contra-candidatas-elecciones-2025","status":"publish","type":"page","link":"https:\/\/www.participacionciudadana.org\/web\/violencia-contra-candidatas-elecciones-2025\/","title":{"rendered":"Violencia contra candidatas (elecciones 2025)"},"content":{"rendered":"<div class=\"pt-cv-wrapper\"><div class=\"pt-cv-view pt-cv-grid pt-cv-colsys\" id=\"pt-cv-view-f1877c4fbg\"><div data-id=\"pt-cv-page-1\" class=\"pt-cv-page\" data-cvc=\"2\"><div class=\"col-md-6 col-sm-12 col-xs-12 pt-cv-content-item pt-cv-1-col\" ><div class='pt-cv-ifield'><a href=\"https:\/\/www.participacionciudadana.org\/web\/2025\/02\/12\/quinto-informe-de-violencia-politica-en-contra-de-candidatas-elecciones-2025\/\" class=\"_self pt-cv-href-thumbnail pt-cv-thumb-default\" target=\"_self\" ><img fetchpriority=\"high\" decoding=\"async\" width=\"300\" height=\"300\" src=\"https:\/\/www.participacionciudadana.org\/web\/wp-content\/uploads\/2025\/02\/semana5-16-300x300.jpg\" class=\"pt-cv-thumbnail\" alt=\"\" srcset=\"https:\/\/www.participacionciudadana.org\/web\/wp-content\/uploads\/2025\/02\/semana5-16-300x300.jpg 300w, https:\/\/www.participacionciudadana.org\/web\/wp-content\/uploads\/2025\/02\/semana5-16-150x150.jpg 150w, https:\/\/www.participacionciudadana.org\/web\/wp-content\/uploads\/2025\/02\/semana5-16-768x768.jpg 768w, https:\/\/www.participacionciudadana.org\/web\/wp-content\/uploads\/2025\/02\/semana5-16.jpg 801w\" sizes=\"(max-width: 300px) 100vw, 300px\" \/><\/a>\n<div class=\"pt-cv-taxoterm above_title\"><a href='https:\/\/www.participacionciudadana.org\/web\/tag\/monitoreo-violencia-politica-elecciones-2025\/' title='monitoreo violencia politica elecciones 2025' class='pt-cv-tax-monitoreo-violencia-politica-elecciones-2025'>monitoreo violencia politica elecciones 2025<\/a><a href='https:\/\/www.participacionciudadana.org\/web\/category\/sin-categoria\/' title='Sin categor\u00eda' class='pt-cv-tax-sin-categoria'>Sin categor\u00eda<\/a><\/div>\n<h4 class=\"pt-cv-title\"><a href=\"https:\/\/www.participacionciudadana.org\/web\/2025\/02\/12\/quinto-informe-de-violencia-politica-en-contra-de-candidatas-elecciones-2025\/\" class=\"_self\" target=\"_self\" >Quinto informe de violencia pol\u00edtica en contra de candidatas elecciones 2025<\/a><\/h4>\n<div class=\"pt-cv-content\">La Corporaci\u00f3n Participaci\u00f3n Ciudadana presenta el quinto reporte de monitoreo sobre violencia pol\u00edtica contra candidatas presidenciales, asamble\u00edstas nacionales y parlamentarias &#8230;<br \/><div class=\"pt-cv-rmwrap\"><a href=\"https:\/\/www.participacionciudadana.org\/web\/2025\/02\/12\/quinto-informe-de-violencia-politica-en-contra-de-candidatas-elecciones-2025\/\" class=\"_self pt-cv-readmore btn btn-success\" target=\"_self\">Leer M\u00e1s<\/a><\/div><\/div><\/div><\/div>\n<div class=\"col-md-6 col-sm-12 col-xs-12 pt-cv-content-item pt-cv-1-col\" ><div class='pt-cv-ifield'><a href=\"https:\/\/www.participacionciudadana.org\/web\/2025\/02\/06\/cuarto-informe-de-violencia-politica-en-contra-de-candidatas-elecciones-2025\/\" class=\"_self pt-cv-href-thumbnail pt-cv-thumb-default\" target=\"_self\" ><img decoding=\"async\" width=\"300\" height=\"300\" src=\"https:\/\/www.participacionciudadana.org\/web\/wp-content\/uploads\/2025\/02\/semana-4-16-300x300.jpg\" class=\"pt-cv-thumbnail\" alt=\"\" srcset=\"https:\/\/www.participacionciudadana.org\/web\/wp-content\/uploads\/2025\/02\/semana-4-16-300x300.jpg 300w, https:\/\/www.participacionciudadana.org\/web\/wp-content\/uploads\/2025\/02\/semana-4-16-150x150.jpg 150w, https:\/\/www.participacionciudadana.org\/web\/wp-content\/uploads\/2025\/02\/semana-4-16-768x768.jpg 768w, https:\/\/www.participacionciudadana.org\/web\/wp-content\/uploads\/2025\/02\/semana-4-16-600x600.jpg 600w, https:\/\/www.participacionciudadana.org\/web\/wp-content\/uploads\/2025\/02\/semana-4-16.jpg 801w\" sizes=\"(max-width: 300px) 100vw, 300px\" \/><\/a>\n<div class=\"pt-cv-taxoterm above_title\"><a href='https:\/\/www.participacionciudadana.org\/web\/tag\/monitoreo-violencia-politica-elecciones-2025\/' title='monitoreo violencia politica elecciones 2025' class='pt-cv-tax-monitoreo-violencia-politica-elecciones-2025'>monitoreo violencia politica elecciones 2025<\/a><a href='https:\/\/www.participacionciudadana.org\/web\/category\/sin-categoria\/' title='Sin categor\u00eda' class='pt-cv-tax-sin-categoria'>Sin categor\u00eda<\/a><\/div>\n<h4 class=\"pt-cv-title\"><a href=\"https:\/\/www.participacionciudadana.org\/web\/2025\/02\/06\/cuarto-informe-de-violencia-politica-en-contra-de-candidatas-elecciones-2025\/\" class=\"_self\" target=\"_self\" >Cuarto informe de violencia pol\u00edtica en contra de candidatas elecciones 2025<\/a><\/h4>\n<div class=\"pt-cv-content\">La Corporaci\u00f3n Participaci\u00f3n Ciudadana presenta el cuarto reporte de monitoreo sobre violencia pol\u00edtica contra candidatas presidenciales, asamble\u00edstas nacionales y parlamentarias &#8230;<br \/><div class=\"pt-cv-rmwrap\"><a href=\"https:\/\/www.participacionciudadana.org\/web\/2025\/02\/06\/cuarto-informe-de-violencia-politica-en-contra-de-candidatas-elecciones-2025\/\" class=\"_self pt-cv-readmore btn btn-success\" target=\"_self\">Leer M\u00e1s<\/a><\/div><\/div><\/div><\/div>\n<div class=\"col-md-6 col-sm-12 col-xs-12 pt-cv-content-item pt-cv-1-col\" ><div class='pt-cv-ifield'><a href=\"https:\/\/www.participacionciudadana.org\/web\/2025\/01\/28\/tercer-informe-de-violencia-politica-en-contra-de-candidatas-elecciones-2025\/\" class=\"_self pt-cv-href-thumbnail pt-cv-thumb-default\" target=\"_self\" ><img decoding=\"async\" width=\"300\" height=\"300\" src=\"https:\/\/www.participacionciudadana.org\/web\/wp-content\/uploads\/2025\/01\/semana-3-16-300x300.jpg\" class=\"pt-cv-thumbnail\" alt=\"\" srcset=\"https:\/\/www.participacionciudadana.org\/web\/wp-content\/uploads\/2025\/01\/semana-3-16-300x300.jpg 300w, https:\/\/www.participacionciudadana.org\/web\/wp-content\/uploads\/2025\/01\/semana-3-16-1024x1024.jpg 1024w, https:\/\/www.participacionciudadana.org\/web\/wp-content\/uploads\/2025\/01\/semana-3-16-150x150.jpg 150w, https:\/\/www.participacionciudadana.org\/web\/wp-content\/uploads\/2025\/01\/semana-3-16-768x768.jpg 768w, https:\/\/www.participacionciudadana.org\/web\/wp-content\/uploads\/2025\/01\/semana-3-16-1536x1536.jpg 1536w, https:\/\/www.participacionciudadana.org\/web\/wp-content\/uploads\/2025\/01\/semana-3-16-600x600.jpg 600w, https:\/\/www.participacionciudadana.org\/web\/wp-content\/uploads\/2025\/01\/semana-3-16.jpg 1668w\" sizes=\"(max-width: 300px) 100vw, 300px\" \/><\/a>\n<div class=\"pt-cv-taxoterm above_title\"><a href='https:\/\/www.participacionciudadana.org\/web\/tag\/monitoreo-violencia-politica-elecciones-2025\/' title='monitoreo violencia politica elecciones 2025' class='pt-cv-tax-monitoreo-violencia-politica-elecciones-2025'>monitoreo violencia politica elecciones 2025<\/a><a href='https:\/\/www.participacionciudadana.org\/web\/category\/sin-categoria\/' title='Sin categor\u00eda' class='pt-cv-tax-sin-categoria'>Sin categor\u00eda<\/a><\/div>\n<h4 class=\"pt-cv-title\"><a href=\"https:\/\/www.participacionciudadana.org\/web\/2025\/01\/28\/tercer-informe-de-violencia-politica-en-contra-de-candidatas-elecciones-2025\/\" class=\"_self\" target=\"_self\" >Tercer informe de violencia pol\u00edtica en contra de candidatas elecciones 2025<\/a><\/h4>\n<div class=\"pt-cv-content\">La Corporaci\u00f3n Participaci\u00f3n Ciudadana presenta tercer reporte de monitoreo sobre violencia pol\u00edtica contra candidatas presidenciales, asamble\u00edstas nacionales y parlamentarias andinas, &#8230;<br \/><div class=\"pt-cv-rmwrap\"><a href=\"https:\/\/www.participacionciudadana.org\/web\/2025\/01\/28\/tercer-informe-de-violencia-politica-en-contra-de-candidatas-elecciones-2025\/\" class=\"_self pt-cv-readmore btn btn-success\" target=\"_self\">Leer M\u00e1s<\/a><\/div><\/div><\/div><\/div>\n<div class=\"col-md-6 col-sm-12 col-xs-12 pt-cv-content-item pt-cv-1-col\" ><div class='pt-cv-ifield'><a href=\"https:\/\/www.participacionciudadana.org\/web\/2025\/01\/21\/segundo-informe-de-violencia-politica-en-contra-de-candidatas-elecciones-2025\/\" class=\"_self pt-cv-href-thumbnail pt-cv-thumb-default\" target=\"_self\" ><img loading=\"lazy\" decoding=\"async\" width=\"300\" height=\"300\" src=\"https:\/\/www.participacionciudadana.org\/web\/wp-content\/uploads\/2025\/01\/2-reporte-v-15-300x300.jpg\" class=\"pt-cv-thumbnail\" alt=\"\" srcset=\"https:\/\/www.participacionciudadana.org\/web\/wp-content\/uploads\/2025\/01\/2-reporte-v-15-300x300.jpg 300w, https:\/\/www.participacionciudadana.org\/web\/wp-content\/uploads\/2025\/01\/2-reporte-v-15-1024x1024.jpg 1024w, https:\/\/www.participacionciudadana.org\/web\/wp-content\/uploads\/2025\/01\/2-reporte-v-15-150x150.jpg 150w, https:\/\/www.participacionciudadana.org\/web\/wp-content\/uploads\/2025\/01\/2-reporte-v-15-768x768.jpg 768w, https:\/\/www.participacionciudadana.org\/web\/wp-content\/uploads\/2025\/01\/2-reporte-v-15-1536x1536.jpg 1536w, https:\/\/www.participacionciudadana.org\/web\/wp-content\/uploads\/2025\/01\/2-reporte-v-15-600x600.jpg 600w, https:\/\/www.participacionciudadana.org\/web\/wp-content\/uploads\/2025\/01\/2-reporte-v-15.jpg 1668w\" sizes=\"(max-width: 300px) 100vw, 300px\" \/><\/a>\n<div class=\"pt-cv-taxoterm above_title\"><a href='https:\/\/www.participacionciudadana.org\/web\/tag\/monitoreo-violencia-politica-elecciones-2025\/' title='monitoreo violencia politica elecciones 2025' class='pt-cv-tax-monitoreo-violencia-politica-elecciones-2025'>monitoreo violencia politica elecciones 2025<\/a><a href='https:\/\/www.participacionciudadana.org\/web\/category\/sin-categoria\/' title='Sin categor\u00eda' class='pt-cv-tax-sin-categoria'>Sin categor\u00eda<\/a><\/div>\n<h4 class=\"pt-cv-title\"><a href=\"https:\/\/www.participacionciudadana.org\/web\/2025\/01\/21\/segundo-informe-de-violencia-politica-en-contra-de-candidatas-elecciones-2025\/\" class=\"_self\" target=\"_self\" >Segundo informe de violencia pol\u00edtica en contra de candidatas elecciones 2025<\/a><\/h4>\n<div class=\"pt-cv-content\">La Corporaci\u00f3n Participaci\u00f3n Ciudadana presenta el segundo reporte de monitoreo sobre violencia pol\u00edtica contra candidatas presidenciales, asamble\u00edstas nacionales y parlamentarias &#8230;<br \/><div class=\"pt-cv-rmwrap\"><a href=\"https:\/\/www.participacionciudadana.org\/web\/2025\/01\/21\/segundo-informe-de-violencia-politica-en-contra-de-candidatas-elecciones-2025\/\" class=\"_self pt-cv-readmore btn btn-success\" target=\"_self\">Leer M\u00e1s<\/a><\/div><\/div><\/div><\/div>\n<div class=\"col-md-6 col-sm-12 col-xs-12 pt-cv-content-item pt-cv-1-col\" ><div class='pt-cv-ifield'><a href=\"https:\/\/www.participacionciudadana.org\/web\/2025\/01\/15\/primer-informe-de-violencia-politica-en-contra-de-candidatas-elecciones-2025\/\" class=\"_self pt-cv-href-thumbnail pt-cv-thumb-default\" target=\"_self\" ><img loading=\"lazy\" decoding=\"async\" width=\"300\" height=\"300\" src=\"https:\/\/www.participacionciudadana.org\/web\/wp-content\/uploads\/2025\/01\/1-reporte-15-2-300x300.jpg\" class=\"pt-cv-thumbnail\" alt=\"\" srcset=\"https:\/\/www.participacionciudadana.org\/web\/wp-content\/uploads\/2025\/01\/1-reporte-15-2-300x300.jpg 300w, https:\/\/www.participacionciudadana.org\/web\/wp-content\/uploads\/2025\/01\/1-reporte-15-2-1024x1024.jpg 1024w, https:\/\/www.participacionciudadana.org\/web\/wp-content\/uploads\/2025\/01\/1-reporte-15-2-150x150.jpg 150w, https:\/\/www.participacionciudadana.org\/web\/wp-content\/uploads\/2025\/01\/1-reporte-15-2-768x768.jpg 768w, https:\/\/www.participacionciudadana.org\/web\/wp-content\/uploads\/2025\/01\/1-reporte-15-2-1536x1536.jpg 1536w, https:\/\/www.participacionciudadana.org\/web\/wp-content\/uploads\/2025\/01\/1-reporte-15-2-600x600.jpg 600w, https:\/\/www.participacionciudadana.org\/web\/wp-content\/uploads\/2025\/01\/1-reporte-15-2.jpg 1668w\" sizes=\"(max-width: 300px) 100vw, 300px\" \/><\/a>\n<div class=\"pt-cv-taxoterm above_title\"><a href='https:\/\/www.participacionciudadana.org\/web\/tag\/monitoreo-violencia-politica-elecciones-2025\/' title='monitoreo violencia politica elecciones 2025' class='pt-cv-tax-monitoreo-violencia-politica-elecciones-2025'>monitoreo violencia politica elecciones 2025<\/a><a href='https:\/\/www.participacionciudadana.org\/web\/category\/sin-categoria\/' title='Sin categor\u00eda' class='pt-cv-tax-sin-categoria'>Sin categor\u00eda<\/a><\/div>\n<h4 class=\"pt-cv-title\"><a href=\"https:\/\/www.participacionciudadana.org\/web\/2025\/01\/15\/primer-informe-de-violencia-politica-en-contra-de-candidatas-elecciones-2025\/\" class=\"_self\" target=\"_self\" >Primer informe de violencia pol\u00edtica en contra de candidatas elecciones 2025<\/a><\/h4>\n<div class=\"pt-cv-content\">La Corporaci\u00f3n Participaci\u00f3n Ciudadana presenta primer reporte de monitoreo sobre violencia pol\u00edtica contra candidatas presidenciales, asamble\u00edstas nacionales y parlamentarias andinas, &#8230;<br \/><div class=\"pt-cv-rmwrap\"><a href=\"https:\/\/www.participacionciudadana.org\/web\/2025\/01\/15\/primer-informe-de-violencia-politica-en-contra-de-candidatas-elecciones-2025\/\" class=\"_self pt-cv-readmore btn btn-success\" target=\"_self\">Leer M\u00e1s<\/a><\/div><\/div><\/div><\/div><\/div><\/div><\/div>","protected":false},"excerpt":{"rendered":"","protected":false},"author":1,"featured_media":0,"parent":0,"menu_order":0,"comment_status":"closed","ping_status":"closed","template":"","meta":{"site-sidebar-layout":"default","site-content-layout":"","ast-site-content-layout":"default","site-content-style":"default","site-sidebar-style":"default","ast-global-header-display":"","ast-banner-title-visibility":"","ast-main-header-display":"","ast-hfb-above-header-display":"","ast-hfb-below-header-display":"","ast-hfb-mobile-header-display":"","site-post-title":"","ast-breadcrumbs-content":"","ast-featured-img":"","footer-sml-layout":"","ast-disable-related-posts":"","theme-transparent-header-meta":"","adv-header-id-meta":"","stick-header-meta":"","header-above-stick-meta":"","header-main-stick-meta":"","header-below-stick-meta":"","astra-migrate-meta-layouts":"set","ast-page-background-enabled":"default","ast-page-background-meta":{"desktop":{"background-color":"","background-image":"","background-repeat":"repeat","background-position":"center center","background-size":"auto","background-attachment":"scroll","background-type":"","background-media":"","overlay-type":"","overlay-color":"","overlay-opacity":"","overlay-gradient":""},"tablet":{"background-color":"","background-image":"","background-repeat":"repeat","background-position":"center center","background-size":"auto","background-attachment":"scroll","background-type":"","background-media":"","overlay-type":"","overlay-color":"","overlay-opacity":"","overlay-gradient":""},"mobile":{"background-color":"","background-image":"","background-repeat":"repeat","background-position":"center center","background-size":"auto","background-attachment":"scroll","background-type":"","background-media":"","overlay-type":"","overlay-color":"","overlay-opacity":"","overlay-gradient":""}},"ast-content-background-meta":{"desktop":{"background-color":"var(--ast-global-color-5)","background-image":"","background-repeat":"repeat","background-position":"center center","background-size":"auto","background-attachment":"scroll","background-type":"","background-media":"","overlay-type":"","overlay-color":"","overlay-opacity":"","overlay-gradient":""},"tablet":{"background-color":"var(--ast-global-color-5)","background-image":"","background-repeat":"repeat","background-position":"center center","background-size":"auto","background-attachment":"scroll","background-type":"","background-media":"","overlay-type":"","overlay-color":"","overlay-opacity":"","overlay-gradient":""},"mobile":{"background-color":"var(--ast-global-color-5)","background-image":"","background-repeat":"repeat","background-position":"center center","background-size":"auto","background-attachment":"scroll","background-type":"","background-media":"","overlay-type":"","overlay-color":"","overlay-opacity":"","overlay-gradient":""}},"_joinchat":[],"footnotes":""},"class_list":["post-7329","page","type-page","status-publish","hentry"],"yoast_head":"<!-- This site is optimized with the Yoast SEO plugin v26.5 - https:\/\/yoast.com\/wordpress\/plugins\/seo\/ -->\n<title>Violencia contra candidatas (elecciones 2025) - Participaci\u00f3n Ciudadana<\/title>\n<meta name=\"robots\" content=\"index, follow, max-snippet:-1, max-image-preview:large, max-video-preview:-1\" \/>\n<link rel=\"canonical\" href=\"https:\/\/www.participacionciudadana.org\/web\/violencia-contra-candidatas-elecciones-2025\/\" \/>\n<meta property=\"og:locale\" content=\"es_ES\" \/>\n<meta property=\"og:type\" content=\"article\" \/>\n<meta property=\"og:title\" content=\"Violencia contra candidatas (elecciones 2025) - Participaci\u00f3n Ciudadana\" \/>\n<meta property=\"og:url\" content=\"https:\/\/www.participacionciudadana.org\/web\/violencia-contra-candidatas-elecciones-2025\/\" \/>\n<meta property=\"og:site_name\" content=\"Participaci\u00f3n Ciudadana\" \/>\n<meta property=\"article:publisher\" content=\"https:\/\/www.facebook.com\/ParticipacionPC\/\" \/>\n<meta property=\"article:modified_time\" content=\"2025-01-16T18:00:53+00:00\" \/>\n<meta name=\"twitter:card\" content=\"summary_large_image\" \/>\n<meta name=\"twitter:site\" content=\"@ParticipacionPC\" \/>\n<script type=\"application\/ld+json\" class=\"yoast-schema-graph\">{\"@context\":\"https:\/\/schema.org\",\"@graph\":[{\"@type\":\"WebPage\",\"@id\":\"https:\/\/www.participacionciudadana.org\/web\/violencia-contra-candidatas-elecciones-2025\/\",\"url\":\"https:\/\/www.participacionciudadana.org\/web\/violencia-contra-candidatas-elecciones-2025\/\",\"name\":\"Violencia contra candidatas (elecciones 2025) - Participaci\u00f3n Ciudadana\",\"isPartOf\":{\"@id\":\"https:\/\/www.participacionciudadana.org\/web\/#website\"},\"datePublished\":\"2025-01-14T19:59:51+00:00\",\"dateModified\":\"2025-01-16T18:00:53+00:00\",\"breadcrumb\":{\"@id\":\"https:\/\/www.participacionciudadana.org\/web\/violencia-contra-candidatas-elecciones-2025\/#breadcrumb\"},\"inLanguage\":\"es\",\"potentialAction\":[{\"@type\":\"ReadAction\",\"target\":[\"https:\/\/www.participacionciudadana.org\/web\/violencia-contra-candidatas-elecciones-2025\/\"]}]},{\"@type\":\"BreadcrumbList\",\"@id\":\"https:\/\/www.participacionciudadana.org\/web\/violencia-contra-candidatas-elecciones-2025\/#breadcrumb\",\"itemListElement\":[{\"@type\":\"ListItem\",\"position\":1,\"name\":\"Portada\",\"item\":\"https:\/\/www.participacionciudadana.org\/web\/\"},{\"@type\":\"ListItem\",\"position\":2,\"name\":\"Violencia contra candidatas (elecciones 2025)\"}]},{\"@type\":\"WebSite\",\"@id\":\"https:\/\/www.participacionciudadana.org\/web\/#website\",\"url\":\"https:\/\/www.participacionciudadana.org\/web\/\",\"name\":\"Participaci\u00f3n Ciudadana\",\"description\":\"Comprometidos con la democracia\",\"publisher\":{\"@id\":\"https:\/\/www.participacionciudadana.org\/web\/#organization\"},\"potentialAction\":[{\"@type\":\"SearchAction\",\"target\":{\"@type\":\"EntryPoint\",\"urlTemplate\":\"https:\/\/www.participacionciudadana.org\/web\/?s={search_term_string}\"},\"query-input\":{\"@type\":\"PropertyValueSpecification\",\"valueRequired\":true,\"valueName\":\"search_term_string\"}}],\"inLanguage\":\"es\"},{\"@type\":\"Organization\",\"@id\":\"https:\/\/www.participacionciudadana.org\/web\/#organization\",\"name\":\"Participaci\u00f3n Ciudadana\",\"url\":\"https:\/\/www.participacionciudadana.org\/web\/\",\"logo\":{\"@type\":\"ImageObject\",\"inLanguage\":\"es\",\"@id\":\"https:\/\/www.participacionciudadana.org\/web\/#\/schema\/logo\/image\/\",\"url\":\"https:\/\/www.participacionciudadana.org\/web\/wp-content\/uploads\/2021\/11\/cropped-logo_pc-1.png\",\"contentUrl\":\"https:\/\/www.participacionciudadana.org\/web\/wp-content\/uploads\/2021\/11\/cropped-logo_pc-1.png\",\"width\":340,\"height\":114,\"caption\":\"Participaci\u00f3n Ciudadana\"},\"image\":{\"@id\":\"https:\/\/www.participacionciudadana.org\/web\/#\/schema\/logo\/image\/\"},\"sameAs\":[\"https:\/\/www.facebook.com\/ParticipacionPC\/\",\"https:\/\/x.com\/ParticipacionPC\"]}]}<\/script>\n<!-- \/ Yoast SEO plugin. -->","yoast_head_json":{"title":"Violencia contra candidatas (elecciones 2025) - Participaci\u00f3n Ciudadana","robots":{"index":"index","follow":"follow","max-snippet":"max-snippet:-1","max-image-preview":"max-image-preview:large","max-video-preview":"max-video-preview:-1"},"canonical":"https:\/\/www.participacionciudadana.org\/web\/violencia-contra-candidatas-elecciones-2025\/","og_locale":"es_ES","og_type":"article","og_title":"Violencia contra candidatas (elecciones 2025) - Participaci\u00f3n Ciudadana","og_url":"https:\/\/www.participacionciudadana.org\/web\/violencia-contra-candidatas-elecciones-2025\/","og_site_name":"Participaci\u00f3n Ciudadana","article_publisher":"https:\/\/www.facebook.com\/ParticipacionPC\/","article_modified_time":"2025-01-16T18:00:53+00:00","twitter_card":"summary_large_image","twitter_site":"@ParticipacionPC","schema":{"@context":"https:\/\/schema.org","@graph":[{"@type":"WebPage","@id":"https:\/\/www.participacionciudadana.org\/web\/violencia-contra-candidatas-elecciones-2025\/","url":"https:\/\/www.participacionciudadana.org\/web\/violencia-contra-candidatas-elecciones-2025\/","name":"Violencia contra candidatas (elecciones 2025) - Participaci\u00f3n Ciudadana","isPartOf":{"@id":"https:\/\/www.participacionciudadana.org\/web\/#website"},"datePublished":"2025-01-14T19:59:51+00:00","dateModified":"2025-01-16T18:00:53+00:00","breadcrumb":{"@id":"https:\/\/www.participacionciudadana.org\/web\/violencia-contra-candidatas-elecciones-2025\/#breadcrumb"},"inLanguage":"es","potentialAction":[{"@type":"ReadAction","target":["https:\/\/www.participacionciudadana.org\/web\/violencia-contra-candidatas-elecciones-2025\/"]}]},{"@type":"BreadcrumbList","@id":"https:\/\/www.participacionciudadana.org\/web\/violencia-contra-candidatas-elecciones-2025\/#breadcrumb","itemListElement":[{"@type":"ListItem","position":1,"name":"Portada","item":"https:\/\/www.participacionciudadana.org\/web\/"},{"@type":"ListItem","position":2,"name":"Violencia contra candidatas (elecciones 2025)"}]},{"@type":"WebSite","@id":"https:\/\/www.participacionciudadana.org\/web\/#website","url":"https:\/\/www.participacionciudadana.org\/web\/","name":"Participaci\u00f3n Ciudadana","description":"Comprometidos con la democracia","publisher":{"@id":"https:\/\/www.participacionciudadana.org\/web\/#organization"},"potentialAction":[{"@type":"SearchAction","target":{"@type":"EntryPoint","urlTemplate":"https:\/\/www.participacionciudadana.org\/web\/?s={search_term_string}"},"query-input":{"@type":"PropertyValueSpecification","valueRequired":true,"valueName":"search_term_string"}}],"inLanguage":"es"},{"@type":"Organization","@id":"https:\/\/www.participacionciudadana.org\/web\/#organization","name":"Participaci\u00f3n Ciudadana","url":"https:\/\/www.participacionciudadana.org\/web\/","logo":{"@type":"ImageObject","inLanguage":"es","@id":"https:\/\/www.participacionciudadana.org\/web\/#\/schema\/logo\/image\/","url":"https:\/\/www.participacionciudadana.org\/web\/wp-content\/uploads\/2021\/11\/cropped-logo_pc-1.png","contentUrl":"https:\/\/www.participacionciudadana.org\/web\/wp-content\/uploads\/2021\/11\/cropped-logo_pc-1.png","width":340,"height":114,"caption":"Participaci\u00f3n Ciudadana"},"image":{"@id":"https:\/\/www.participacionciudadana.org\/web\/#\/schema\/logo\/image\/"},"sameAs":["https:\/\/www.facebook.com\/ParticipacionPC\/","https:\/\/x.com\/ParticipacionPC"]}]}},"_links":{"self":[{"href":"https:\/\/www.participacionciudadana.org\/web\/wp-json\/wp\/v2\/pages\/7329","targetHints":{"allow":["GET"]}}],"collection":[{"href":"https:\/\/www.participacionciudadana.org\/web\/wp-json\/wp\/v2\/pages"}],"about":[{"href":"https:\/\/www.participacionciudadana.org\/web\/wp-json\/wp\/v2\/types\/page"}],"author":[{"embeddable":true,"href":"https:\/\/www.participacionciudadana.org\/web\/wp-json\/wp\/v2\/users\/1"}],"replies":[{"embeddable":true,"href":"https:\/\/www.participacionciudadana.org\/web\/wp-json\/wp\/v2\/comments?post=7329"}],"version-history":[{"count":3,"href":"https:\/\/www.participacionciudadana.org\/web\/wp-json\/wp\/v2\/pages\/7329\/revisions"}],"predecessor-version":[{"id":7373,"href":"https:\/\/www.participacionciudadana.org\/web\/wp-json\/wp\/v2\/pages\/7329\/revisions\/7373"}],"wp:attachment":[{"href":"https:\/\/www.participacionciudadana.org\/web\/wp-json\/wp\/v2\/media?parent=7329"}],"curies":[{"name":"wp","href":"https:\/\/api.w.org\/{rel}","templated":true}]}}