{"id":779,"date":"2021-11-18T17:36:04","date_gmt":"2021-11-18T22:36:04","guid":{"rendered":"https:\/\/www.participacionciudadana.org\/web\/?page_id=779"},"modified":"2022-01-06T13:04:45","modified_gmt":"2022-01-06T18:04:45","slug":"impulso-a-la-transparencia","status":"publish","type":"page","link":"https:\/\/www.participacionciudadana.org\/web\/proyectos\/impulso-a-la-transparencia\/","title":{"rendered":"Impulso a la transparencia"},"content":{"rendered":"\t\t<div data-elementor-type=\"wp-page\" data-elementor-id=\"779\" class=\"elementor elementor-779\">\n\t\t\t\t\t\t<section class=\"elementor-section elementor-top-section elementor-element elementor-element-75d836b elementor-section-boxed elementor-section-height-default elementor-section-height-default\" data-id=\"75d836b\" data-element_type=\"section\">\n\t\t\t\t\t\t<div class=\"elementor-container elementor-column-gap-default\">\n\t\t\t\t\t<div class=\"elementor-column elementor-col-100 elementor-top-column elementor-element elementor-element-f3be297\" data-id=\"f3be297\" data-element_type=\"column\">\n\t\t\t<div class=\"elementor-widget-wrap elementor-element-populated\">\n\t\t\t\t\t\t<div class=\"elementor-element elementor-element-78a351f wow bounceInLeft elementor-widget elementor-widget-heading\" data-id=\"78a351f\" data-element_type=\"widget\" data-widget_type=\"heading.default\">\n\t\t\t\t<div class=\"elementor-widget-container\">\n\t\t\t\t\t<h2 class=\"elementor-heading-title elementor-size-default\">Impulso a la transparencia<\/h2>\t\t\t\t<\/div>\n\t\t\t\t<\/div>\n\t\t\t\t\t<\/div>\n\t\t<\/div>\n\t\t\t\t\t<\/div>\n\t\t<\/section>\n\t\t\t\t<section class=\"elementor-section elementor-top-section elementor-element elementor-element-35c9f97 wow bounceInLeft elementor-section-boxed elementor-section-height-default elementor-section-height-default\" data-id=\"35c9f97\" data-element_type=\"section\">\n\t\t\t\t\t\t<div class=\"elementor-container elementor-column-gap-default\">\n\t\t\t\t\t<div class=\"elementor-column elementor-col-100 elementor-top-column elementor-element elementor-element-6b4d764\" data-id=\"6b4d764\" data-element_type=\"column\">\n\t\t\t<div class=\"elementor-widget-wrap elementor-element-populated\">\n\t\t\t\t\t\t<div class=\"elementor-element elementor-element-2a7ea8e elementor-widget elementor-widget-text-editor\" data-id=\"2a7ea8e\" data-element_type=\"widget\" data-widget_type=\"text-editor.default\">\n\t\t\t\t<div class=\"elementor-widget-container\">\n\t\t\t\t\t\t\t\t\t<p>Con este proyecto de \u201cFortalecimiento de la Transparencia\u201d vigilamos la gesti\u00f3n p\u00fablica e impulsamos el mejoramiento de los niveles de transparencia, a trav\u00e9s de la observaci\u00f3n de las p\u00e1ginas web y la capacitaci\u00f3n a funcionarios p\u00fablicos, para el adecuado cumplimiento de la Ley Org\u00e1nica de Transparencia y Acceso a la Informaci\u00f3n P\u00fablica (LOTAIP).<\/p>\t\t\t\t\t\t\t\t<\/div>\n\t\t\t\t<\/div>\n\t\t\t\t\t<\/div>\n\t\t<\/div>\n\t\t\t\t\t<\/div>\n\t\t<\/section>\n\t\t\t\t<section class=\"elementor-section elementor-top-section elementor-element elementor-element-75cf166 wow bounceInLeft elementor-section-boxed elementor-section-height-default elementor-section-height-default\" data-id=\"75cf166\" data-element_type=\"section\">\n\t\t\t\t\t\t<div class=\"elementor-container elementor-column-gap-default\">\n\t\t\t\t\t<div class=\"elementor-column elementor-col-100 elementor-top-column elementor-element elementor-element-42f8423\" data-id=\"42f8423\" data-element_type=\"column\">\n\t\t\t<div class=\"elementor-widget-wrap elementor-element-populated\">\n\t\t\t\t\t\t<div class=\"elementor-element elementor-element-b870ed0 elementor-widget elementor-widget-text-editor\" data-id=\"b870ed0\" data-element_type=\"widget\" data-widget_type=\"text-editor.default\">\n\t\t\t\t<div class=\"elementor-widget-container\">\n\t\t\t\t\t\t\t\t\t<p><div class=\"pt-cv-wrapper\"><div class=\"pt-cv-view pt-cv-collapsible\" id=\"pt-cv-view-097b0933iw\"><div data-id=\"pt-cv-page-1\" class=\"pt-cv-page\" data-cvc=\"1\"><div class=\"panel-group\" id=\"0440cd9fws\"><div class=\"panel panel-default pt-cv-content-item pt-cv-2-col\" >\r\n<div class=\"panel-heading pt-cv-title\">\r\n    <a class=\"panel-title\" data-toggle=\"cvcollapse\" data-parent=\"#0440cd9fws\" data-target=\"#0e3c315y0w\" href='https:\/\/www.participacionciudadana.org\/web\/proyectos\/impulso-a-la-transparencia\/informes-2017\/' onclick='event.preventDefault()'>\r\n\t\tInformes 2017\t<\/a>\r\n\t<\/div>\r\n<div id=\"0e3c315y0w\" class=\"panel-collapse collapse in\">\r\n\t<div class=\"panel-body\">\r\n\t\t<a href=\"https:\/\/www.participacionciudadana.org\/web\/proyectos\/impulso-a-la-transparencia\/informes-2017\/\" class=\"_self pt-cv-href-thumbnail pt-cv-thumb-left\" target=\"_self\" ><\/a>\n<div class=\"pt-cv-content\"><ul>\n<li><a href=\"https:\/\/www.participacionciudadana.org\/lotaip\/2017\/1%20REPORTE%20TRIMESTRAL%20ENE%20FEB%20MAR%202017.pdf\">1 REPORTE TRIMESTRAL ENE FEB MAR 2017<\/a><\/li>\n<li><a href=\"https:\/\/www.participacionciudadana.org\/lotaip\/2017\/2%20REPORTE%20TRIMESTRAL%20ABR%20MAY%20JUN%202017.pdf\">2 REPORTE TRIMESTRAL ABR MAY JUN 2017<\/a><\/li>\n<li><a href=\"https:\/\/www.participacionciudadana.org\/lotaip\/2017\/REPORTE%20DE%20EVALUACION%202015-2017.pdf\">REPORTE DE EVALUACION 2015-2017<\/a><\/li>\n<\/ul>\n<\/div>\t<\/div>\r\n<\/div><\/div>\n<div class=\"panel panel-default pt-cv-content-item pt-cv-2-col\" >\r\n<div class=\"panel-heading pt-cv-title\">\r\n    <a class=\"panel-title\" data-toggle=\"cvcollapse\" data-parent=\"#0440cd9fws\" data-target=\"#4235d91i80\" href='https:\/\/www.participacionciudadana.org\/web\/proyectos\/impulso-a-la-transparencia\/informes-2016\/' onclick='event.preventDefault()'>\r\n\t\tInformes 2016\t<\/a>\r\n\t<\/div>\r\n<div id=\"4235d91i80\" class=\"panel-collapse collapse \">\r\n\t<div class=\"panel-body\">\r\n\t\t<a href=\"https:\/\/www.participacionciudadana.org\/web\/proyectos\/impulso-a-la-transparencia\/informes-2016\/\" class=\"_self pt-cv-href-thumbnail pt-cv-thumb-left\" target=\"_self\" ><\/a>\n<div class=\"pt-cv-content\"><ul>\n<li><a href=\"https:\/\/www.participacionciudadana.org\/lotaip\/2016\/1%20REPORTE%20TRIMESTRAL%20ENE%20FEB%20MAR%202016.pdf\"> 1 REPORTE TRIMESTRAL ENE FEB MAR 2016<\/a><\/li>\n<li><a href=\"https:\/\/www.participacionciudadana.org\/lotaip\/2016\/2%20REPORTE%20TRIMESTRAL%20ABR%20MAY%20JUN%202016.pdf\">2 REPORTE TRIMESTRAL ABR MAY JUN 2016<\/a><\/li>\n<li><a href=\"https:\/\/www.participacionciudadana.org\/lotaip\/2016\/3%20REPORTE%20TRIMESTRAL%20JUL%20AGO%20SEP%202016.pdf\">3 REPORTE TRIMESTRAL JUL AGO SEP 2016<\/a><\/li>\n<li><a href=\"https:\/\/www.participacionciudadana.org\/lotaip\/2016\/4%20REPORTE%20TRIMESTRAL%20OCT%20NOV%20DIC%202016.pdf\">4 REPORTE TRIMESTRAL OCT NOV DIC 2016<\/a><\/li>\n<\/ul>\n<\/div>\t<\/div>\r\n<\/div><\/div>\n<div class=\"panel panel-default pt-cv-content-item pt-cv-2-col\" >\r\n<div class=\"panel-heading pt-cv-title\">\r\n    <a class=\"panel-title\" data-toggle=\"cvcollapse\" data-parent=\"#0440cd9fws\" data-target=\"#46ef88ats4\" href='https:\/\/www.participacionciudadana.org\/web\/proyectos\/impulso-a-la-transparencia\/informes-2015\/' onclick='event.preventDefault()'>\r\n\t\tInformes 2015\t<\/a>\r\n\t<\/div>\r\n<div id=\"46ef88ats4\" class=\"panel-collapse collapse \">\r\n\t<div class=\"panel-body\">\r\n\t\t<a href=\"https:\/\/www.participacionciudadana.org\/web\/proyectos\/impulso-a-la-transparencia\/informes-2015\/\" class=\"_self pt-cv-href-thumbnail pt-cv-thumb-left\" target=\"_self\" ><\/a>\n<div class=\"pt-cv-content\"><ul>\n<li><a href=\"https:\/\/www.participacionciudadana.org\/lotaip\/2015\/I%20Y%20II%20MONITOREO%202015.pdf\">I Y II MONITOREO 2015<\/a><\/li>\n<\/ul>\n<\/div>\t<\/div>\r\n<\/div><\/div>\n<div class=\"panel panel-default pt-cv-content-item pt-cv-2-col\" >\r\n<div class=\"panel-heading pt-cv-title\">\r\n    <a class=\"panel-title\" data-toggle=\"cvcollapse\" data-parent=\"#0440cd9fws\" data-target=\"#636c4faimf\" href='https:\/\/www.participacionciudadana.org\/web\/proyectos\/impulso-a-la-transparencia\/informes-2013\/' onclick='event.preventDefault()'>\r\n\t\tInformes 2013\t<\/a>\r\n\t<\/div>\r\n<div id=\"636c4faimf\" class=\"panel-collapse collapse \">\r\n\t<div class=\"panel-body\">\r\n\t\t<a href=\"https:\/\/www.participacionciudadana.org\/web\/proyectos\/impulso-a-la-transparencia\/informes-2013\/\" class=\"_self pt-cv-href-thumbnail pt-cv-thumb-left\" target=\"_self\" ><\/a>\n<div class=\"pt-cv-content\"><ul>\n<li><a href=\"https:\/\/www.participacionciudadana.org\/lotaip\/2013\/III%20REPORTE%20MONITOREO%202013.pdf\">III Reporte de monitoreo 2013<\/a><\/li>\n<li><a href=\"https:\/\/www.participacionciudadana.org\/lotaip\/2013\/II%20REPORTE%20MONITOREO%202013.pdf\">II Reporte de monitoreo 2013<\/a><\/li>\n<li><a href=\"https:\/\/www.participacionciudadana.org\/lotaip\/2013\/I%20REPORTE%20MONITOREO%202013.pdf\">I Reporte de monitoreo 2013<\/a><\/li>\n<\/ul>\n\n\n<p><\/p>\n<\/div>\t<\/div>\r\n<\/div><\/div><\/div><\/div><\/div><\/div><\/p>\t\t\t\t\t\t\t\t<\/div>\n\t\t\t\t<\/div>\n\t\t\t\t\t<\/div>\n\t\t<\/div>\n\t\t\t\t\t<\/div>\n\t\t<\/section>\n\t\t\t\t<\/div>\n\t\t","protected":false},"excerpt":{"rendered":"<p>Impulso a la transparencia Con este proyecto de \u201cFortalecimiento de la Transparencia\u201d vigilamos la gesti\u00f3n p\u00fablica e impulsamos el mejoramiento de los niveles de transparencia, a trav\u00e9s de la observaci\u00f3n de las p\u00e1ginas web y la capacitaci\u00f3n a funcionarios p\u00fablicos, para el adecuado cumplimiento de la Ley Org\u00e1nica de Transparencia y Acceso a la Informaci\u00f3n [&hellip;]<\/p>\n","protected":false},"author":1,"featured_media":0,"parent":754,"menu_order":2,"comment_status":"closed","ping_status":"closed","template":"","meta":{"site-sidebar-layout":"no-sidebar","site-content-layout":"page-builder","ast-site-content-layout":"default","site-content-style":"default","site-sidebar-style":"default","ast-global-header-display":"","ast-banner-title-visibility":"","ast-main-header-display":"","ast-hfb-above-header-display":"","ast-hfb-below-header-display":"","ast-hfb-mobile-header-display":"","site-post-title":"disabled","ast-breadcrumbs-content":"","ast-featured-img":"disabled","footer-sml-layout":"","ast-disable-related-posts":"","theme-transparent-header-meta":"","adv-header-id-meta":"","stick-header-meta":"","header-above-stick-meta":"","header-main-stick-meta":"","header-below-stick-meta":"","astra-migrate-meta-layouts":"default","ast-page-background-enabled":"default","ast-page-background-meta":{"desktop":{"background-color":"","background-image":"","background-repeat":"repeat","background-position":"center center","background-size":"auto","background-attachment":"scroll","background-type":"","background-media":"","overlay-type":"","overlay-color":"","overlay-opacity":"","overlay-gradient":""},"tablet":{"background-color":"","background-image":"","background-repeat":"repeat","background-position":"center center","background-size":"auto","background-attachment":"scroll","background-type":"","background-media":"","overlay-type":"","overlay-color":"","overlay-opacity":"","overlay-gradient":""},"mobile":{"background-color":"","background-image":"","background-repeat":"repeat","background-position":"center center","background-size":"auto","background-attachment":"scroll","background-type":"","background-media":"","overlay-type":"","overlay-color":"","overlay-opacity":"","overlay-gradient":""}},"ast-content-background-meta":{"desktop":{"background-color":"var(--ast-global-color-5)","background-image":"","background-repeat":"repeat","background-position":"center center","background-size":"auto","background-attachment":"scroll","background-type":"","background-media":"","overlay-type":"","overlay-color":"","overlay-opacity":"","overlay-gradient":""},"tablet":{"background-color":"var(--ast-global-color-5)","background-image":"","background-repeat":"repeat","background-position":"center center","background-size":"auto","background-attachment":"scroll","background-type":"","background-media":"","overlay-type":"","overlay-color":"","overlay-opacity":"","overlay-gradient":""},"mobile":{"background-color":"var(--ast-global-color-5)","background-image":"","background-repeat":"repeat","background-position":"center center","background-size":"auto","background-attachment":"scroll","background-type":"","background-media":"","overlay-type":"","overlay-color":"","overlay-opacity":"","overlay-gradient":""}},"_joinchat":[],"footnotes":""},"class_list":["post-779","page","type-page","status-publish","hentry"],"yoast_head":"<!-- This site is optimized with the Yoast SEO plugin v26.5 - https:\/\/yoast.com\/wordpress\/plugins\/seo\/ -->\n<title>Impulso a la transparencia - Participaci\u00f3n Ciudadana<\/title>\n<meta name=\"robots\" content=\"index, follow, max-snippet:-1, max-image-preview:large, max-video-preview:-1\" \/>\n<link rel=\"canonical\" href=\"https:\/\/www.participacionciudadana.org\/web\/proyectos\/impulso-a-la-transparencia\/\" \/>\n<meta property=\"og:locale\" content=\"es_ES\" \/>\n<meta property=\"og:type\" content=\"article\" \/>\n<meta property=\"og:title\" content=\"Impulso a la transparencia - Participaci\u00f3n Ciudadana\" \/>\n<meta property=\"og:description\" content=\"Impulso a la transparencia Con este proyecto de \u201cFortalecimiento de la Transparencia\u201d vigilamos la gesti\u00f3n p\u00fablica e impulsamos el mejoramiento de los niveles de transparencia, a trav\u00e9s de la observaci\u00f3n de las p\u00e1ginas web y la capacitaci\u00f3n a funcionarios p\u00fablicos, para el adecuado cumplimiento de la Ley Org\u00e1nica de Transparencia y Acceso a la Informaci\u00f3n [&hellip;]\" \/>\n<meta property=\"og:url\" content=\"https:\/\/www.participacionciudadana.org\/web\/proyectos\/impulso-a-la-transparencia\/\" \/>\n<meta property=\"og:site_name\" content=\"Participaci\u00f3n Ciudadana\" \/>\n<meta property=\"article:publisher\" content=\"https:\/\/www.facebook.com\/ParticipacionPC\/\" \/>\n<meta property=\"article:modified_time\" content=\"2022-01-06T18:04:45+00:00\" \/>\n<meta name=\"twitter:card\" content=\"summary_large_image\" \/>\n<meta name=\"twitter:site\" content=\"@ParticipacionPC\" \/>\n<script type=\"application\/ld+json\" class=\"yoast-schema-graph\">{\"@context\":\"https:\/\/schema.org\",\"@graph\":[{\"@type\":\"WebPage\",\"@id\":\"https:\/\/www.participacionciudadana.org\/web\/proyectos\/impulso-a-la-transparencia\/\",\"url\":\"https:\/\/www.participacionciudadana.org\/web\/proyectos\/impulso-a-la-transparencia\/\",\"name\":\"Impulso a la transparencia - Participaci\u00f3n Ciudadana\",\"isPartOf\":{\"@id\":\"https:\/\/www.participacionciudadana.org\/web\/#website\"},\"datePublished\":\"2021-11-18T22:36:04+00:00\",\"dateModified\":\"2022-01-06T18:04:45+00:00\",\"breadcrumb\":{\"@id\":\"https:\/\/www.participacionciudadana.org\/web\/proyectos\/impulso-a-la-transparencia\/#breadcrumb\"},\"inLanguage\":\"es\",\"potentialAction\":[{\"@type\":\"ReadAction\",\"target\":[\"https:\/\/www.participacionciudadana.org\/web\/proyectos\/impulso-a-la-transparencia\/\"]}]},{\"@type\":\"BreadcrumbList\",\"@id\":\"https:\/\/www.participacionciudadana.org\/web\/proyectos\/impulso-a-la-transparencia\/#breadcrumb\",\"itemListElement\":[{\"@type\":\"ListItem\",\"position\":1,\"name\":\"Portada\",\"item\":\"https:\/\/www.participacionciudadana.org\/web\/\"},{\"@type\":\"ListItem\",\"position\":2,\"name\":\"Proyectos\",\"item\":\"https:\/\/www.participacionciudadana.org\/web\/proyectos\/\"},{\"@type\":\"ListItem\",\"position\":3,\"name\":\"Impulso a la transparencia\"}]},{\"@type\":\"WebSite\",\"@id\":\"https:\/\/www.participacionciudadana.org\/web\/#website\",\"url\":\"https:\/\/www.participacionciudadana.org\/web\/\",\"name\":\"Participaci\u00f3n Ciudadana\",\"description\":\"Comprometidos con la democracia\",\"publisher\":{\"@id\":\"https:\/\/www.participacionciudadana.org\/web\/#organization\"},\"potentialAction\":[{\"@type\":\"SearchAction\",\"target\":{\"@type\":\"EntryPoint\",\"urlTemplate\":\"https:\/\/www.participacionciudadana.org\/web\/?s={search_term_string}\"},\"query-input\":{\"@type\":\"PropertyValueSpecification\",\"valueRequired\":true,\"valueName\":\"search_term_string\"}}],\"inLanguage\":\"es\"},{\"@type\":\"Organization\",\"@id\":\"https:\/\/www.participacionciudadana.org\/web\/#organization\",\"name\":\"Participaci\u00f3n Ciudadana\",\"url\":\"https:\/\/www.participacionciudadana.org\/web\/\",\"logo\":{\"@type\":\"ImageObject\",\"inLanguage\":\"es\",\"@id\":\"https:\/\/www.participacionciudadana.org\/web\/#\/schema\/logo\/image\/\",\"url\":\"https:\/\/www.participacionciudadana.org\/web\/wp-content\/uploads\/2021\/11\/cropped-logo_pc-1.png\",\"contentUrl\":\"https:\/\/www.participacionciudadana.org\/web\/wp-content\/uploads\/2021\/11\/cropped-logo_pc-1.png\",\"width\":340,\"height\":114,\"caption\":\"Participaci\u00f3n Ciudadana\"},\"image\":{\"@id\":\"https:\/\/www.participacionciudadana.org\/web\/#\/schema\/logo\/image\/\"},\"sameAs\":[\"https:\/\/www.facebook.com\/ParticipacionPC\/\",\"https:\/\/x.com\/ParticipacionPC\"]}]}<\/script>\n<!-- \/ Yoast SEO plugin. -->","yoast_head_json":{"title":"Impulso a la transparencia - Participaci\u00f3n Ciudadana","robots":{"index":"index","follow":"follow","max-snippet":"max-snippet:-1","max-image-preview":"max-image-preview:large","max-video-preview":"max-video-preview:-1"},"canonical":"https:\/\/www.participacionciudadana.org\/web\/proyectos\/impulso-a-la-transparencia\/","og_locale":"es_ES","og_type":"article","og_title":"Impulso a la transparencia - Participaci\u00f3n Ciudadana","og_description":"Impulso a la transparencia Con este proyecto de \u201cFortalecimiento de la Transparencia\u201d vigilamos la gesti\u00f3n p\u00fablica e impulsamos el mejoramiento de los niveles de transparencia, a trav\u00e9s de la observaci\u00f3n de las p\u00e1ginas web y la capacitaci\u00f3n a funcionarios p\u00fablicos, para el adecuado cumplimiento de la Ley Org\u00e1nica de Transparencia y Acceso a la Informaci\u00f3n [&hellip;]","og_url":"https:\/\/www.participacionciudadana.org\/web\/proyectos\/impulso-a-la-transparencia\/","og_site_name":"Participaci\u00f3n Ciudadana","article_publisher":"https:\/\/www.facebook.com\/ParticipacionPC\/","article_modified_time":"2022-01-06T18:04:45+00:00","twitter_card":"summary_large_image","twitter_site":"@ParticipacionPC","schema":{"@context":"https:\/\/schema.org","@graph":[{"@type":"WebPage","@id":"https:\/\/www.participacionciudadana.org\/web\/proyectos\/impulso-a-la-transparencia\/","url":"https:\/\/www.participacionciudadana.org\/web\/proyectos\/impulso-a-la-transparencia\/","name":"Impulso a la transparencia - Participaci\u00f3n Ciudadana","isPartOf":{"@id":"https:\/\/www.participacionciudadana.org\/web\/#website"},"datePublished":"2021-11-18T22:36:04+00:00","dateModified":"2022-01-06T18:04:45+00:00","breadcrumb":{"@id":"https:\/\/www.participacionciudadana.org\/web\/proyectos\/impulso-a-la-transparencia\/#breadcrumb"},"inLanguage":"es","potentialAction":[{"@type":"ReadAction","target":["https:\/\/www.participacionciudadana.org\/web\/proyectos\/impulso-a-la-transparencia\/"]}]},{"@type":"BreadcrumbList","@id":"https:\/\/www.participacionciudadana.org\/web\/proyectos\/impulso-a-la-transparencia\/#breadcrumb","itemListElement":[{"@type":"ListItem","position":1,"name":"Portada","item":"https:\/\/www.participacionciudadana.org\/web\/"},{"@type":"ListItem","position":2,"name":"Proyectos","item":"https:\/\/www.participacionciudadana.org\/web\/proyectos\/"},{"@type":"ListItem","position":3,"name":"Impulso a la transparencia"}]},{"@type":"WebSite","@id":"https:\/\/www.participacionciudadana.org\/web\/#website","url":"https:\/\/www.participacionciudadana.org\/web\/","name":"Participaci\u00f3n Ciudadana","description":"Comprometidos con la democracia","publisher":{"@id":"https:\/\/www.participacionciudadana.org\/web\/#organization"},"potentialAction":[{"@type":"SearchAction","target":{"@type":"EntryPoint","urlTemplate":"https:\/\/www.participacionciudadana.org\/web\/?s={search_term_string}"},"query-input":{"@type":"PropertyValueSpecification","valueRequired":true,"valueName":"search_term_string"}}],"inLanguage":"es"},{"@type":"Organization","@id":"https:\/\/www.participacionciudadana.org\/web\/#organization","name":"Participaci\u00f3n Ciudadana","url":"https:\/\/www.participacionciudadana.org\/web\/","logo":{"@type":"ImageObject","inLanguage":"es","@id":"https:\/\/www.participacionciudadana.org\/web\/#\/schema\/logo\/image\/","url":"https:\/\/www.participacionciudadana.org\/web\/wp-content\/uploads\/2021\/11\/cropped-logo_pc-1.png","contentUrl":"https:\/\/www.participacionciudadana.org\/web\/wp-content\/uploads\/2021\/11\/cropped-logo_pc-1.png","width":340,"height":114,"caption":"Participaci\u00f3n Ciudadana"},"image":{"@id":"https:\/\/www.participacionciudadana.org\/web\/#\/schema\/logo\/image\/"},"sameAs":["https:\/\/www.facebook.com\/ParticipacionPC\/","https:\/\/x.com\/ParticipacionPC"]}]}},"_links":{"self":[{"href":"https:\/\/www.participacionciudadana.org\/web\/wp-json\/wp\/v2\/pages\/779","targetHints":{"allow":["GET"]}}],"collection":[{"href":"https:\/\/www.participacionciudadana.org\/web\/wp-json\/wp\/v2\/pages"}],"about":[{"href":"https:\/\/www.participacionciudadana.org\/web\/wp-json\/wp\/v2\/types\/page"}],"author":[{"embeddable":true,"href":"https:\/\/www.participacionciudadana.org\/web\/wp-json\/wp\/v2\/users\/1"}],"replies":[{"embeddable":true,"href":"https:\/\/www.participacionciudadana.org\/web\/wp-json\/wp\/v2\/comments?post=779"}],"version-history":[{"count":0,"href":"https:\/\/www.participacionciudadana.org\/web\/wp-json\/wp\/v2\/pages\/779\/revisions"}],"up":[{"embeddable":true,"href":"https:\/\/www.participacionciudadana.org\/web\/wp-json\/wp\/v2\/pages\/754"}],"wp:attachment":[{"href":"https:\/\/www.participacionciudadana.org\/web\/wp-json\/wp\/v2\/media?parent=779"}],"curies":[{"name":"wp","href":"https:\/\/api.w.org\/{rel}","templated":true}]}}